{"id":1230,"date":"2019-01-10T15:47:52","date_gmt":"2019-01-10T15:47:52","guid":{"rendered":"http:\/\/www.larrasoana.com\/aviso-legal\/"},"modified":"2019-05-09T13:23:50","modified_gmt":"2019-05-09T13:23:50","slug":"aviso-legal","status":"publish","type":"page","link":"https:\/\/www.larrasoana.com\/en\/aviso-legal\/","title":{"rendered":"Aviso Legal"},"content":{"rendered":"<p><strong>Datos del propietario<\/strong><\/p>\n<p>Conforme a lo establecido en la Ley de Servicios de la Sociedad de la Informaci\u00f3n (LSSI), se informa a los usuarios de www.larrasoana.com (en adelante, LA WEB) que estos son los datos del propietario de este sitio web:<\/p>\n<ul>\n<li>Nombre: Embutidos Larrasoa\u00f1a<\/li>\n<li>Direcci\u00f3n: Pol\u00edgono Ipertegui n\u00ba 5, CP 31160 Orkoien Navarra<\/li>\n<li>CIF: <span class=\"st\">B31790033<\/span><\/li>\n<li>Tel\u00e9fono: (+34) 948 321 078<\/li>\n<li>E-mail: info@larrasoana.com<\/li>\n<li>Inscrita en el Registro Mercantil de Navarra, tomo 985, folio 73, hoja NA-19837, inscripci\u00f3n 1\u00aa<\/li>\n<\/ul>\n<p>En este espacio, los usuarios encontrar\u00e1n toda la informaci\u00f3n relativa a los t\u00e9rminos y condiciones legales que definen las relaciones entre ellos y Embutidos Larrasoa\u00f1a como responsable de LA WEB. Como usuario, es importante que conozcas estos t\u00e9rminos antes de continuar tu navegaci\u00f3n.<\/p>\n<p>Embutidos Larrasoa\u00f1a, como responsable de LA WEB, asume el compromiso de procesar la informaci\u00f3n de nuestros usuarios y clientes con plenas garant\u00edas y cumplir con los requisitos nacionales y europeos que regulan la recopilaci\u00f3n y uso de los datos personales de nuestros usuarios.<\/p>\n<p>LA WEB, por tanto, cumple rigurosamente con el RGPD (REGLAMENTO (UE) 2016\/679 de protecci\u00f3n de datos) y la LSSI-CE (Ley 34\/2002, de 11 de julio, de Servicios de la Sociedad de la Informaci\u00f3n y de Comercio Electr\u00f3nico).<\/p>\n<p><strong>Condiciones generales de uso<\/strong><\/p>\n<p>Las presentes Condiciones Generales regulan el uso (incluyendo el mero acceso) de las p\u00e1ginas integrantes de LA WEB, incluidos los contenidos y servicios puestos a disposici\u00f3n en ellas. Toda persona que acceda a LA WEB acepta someterse a las Condiciones Generales vigentes en cada momento en ella.<\/p>\n<p><strong>Datos personales que recabamos y como lo hacemos<\/strong><\/p>\n<p>Lee la <u><a href=\"http:\/\/www.larrasoana.com\/politica-privacidad.asp\">Pol\u00edtica de Privacidad<\/a><\/u><\/p>\n<p><strong>Compromisos y obligaciones<\/strong><\/p>\n<p>El usuario queda informado, y acepta, que el acceso a LA WEB no supone, en modo alguno, el inicio de una relaci\u00f3n comercial con Embutidos Larrasoa\u00f1a. De esta forma, el usuario se compromete a utilizar LA WEB, sus servicios y contenidos sin contravenir la legislaci\u00f3n vigente, la buena fe y el orden p\u00fablico.<\/p>\n<p>Queda prohibido el uso de LA WEB, con fines il\u00edcitos o lesivos, o que, de cualquier forma, puedan causar perjuicio o impedir el normal funcionamiento de la misma. Respecto de los contenidos, se proh\u00edbe:<\/p>\n<ul>\n<li>Su reproducci\u00f3n, distribuci\u00f3n o modificaci\u00f3n, total o parcial, a menos que se cuente con la autorizaci\u00f3n de sus leg\u00edtimos titulares.<\/li>\n<li>Cualquier vulneraci\u00f3n de los derechos del prestador o de los leg\u00edtimos titulares.<\/li>\n<li>Su utilizaci\u00f3n para fines comerciales o publicitarios.<\/li>\n<\/ul>\n<p>En la utilizaci\u00f3n de LA WEB el usuario se compromete a no llevar a cabo ninguna conducta que pudiera da\u00f1ar la imagen, los intereses y los derechos de Embutidos Larrasoa\u00f1a o de terceros o que pudiera da\u00f1ar, inutilizar o sobrecargar LA WEB o que impidiera, de cualquier forma, su normal utilizaci\u00f3n.<\/p>\n<p>No obstante, el usuario debe ser consciente de que las medidas de seguridad de los sistemas inform\u00e1ticos en Internet no son enteramente fiables y que, por tanto Embutidos Larrasoa\u00f1a no puede garantizar la inexistencia de virus u otros elementos que puedan producir alteraciones en los sistemas inform\u00e1ticos del usuario o en sus documentos electr\u00f3nicos y ficheros contenidos en los mismos.<\/p>\n<p><strong>Medidas de seguridad<\/strong><\/p>\n<p>Los datos personales comunicados por el usuario a Embutidos Larrasoa\u00f1a pueden ser almacenados en bases de datos automatizadas o no, cuya titularidad corresponde en exclusiva a Embutidos Larrasoa\u00f1a, asumiendo \u00e9sta todas las medidas de \u00edndole t\u00e9cnica, organizativa y de seguridad que garantizan la confidencialidad, integridad y calidad de la informaci\u00f3n contenida en las mismas de acuerdo con lo establecido en la normativa vigente en protecci\u00f3n de datos.<\/p>\n<p><strong>Reclamaciones<\/strong><\/p>\n<p>El usuario podr\u00e1 realizar reclamaciones remitiendo un correo electr\u00f3nico a <a href=\"mailto:info@larrasoana.com\"><u>info@larrasoana.com<\/u><\/a> indicando su nombre y apellidos, el servicio adquirido y exponiendo los motivos de su reclamaci\u00f3n.<\/p>\n<p><strong>Plataforma de resoluci\u00f3n de conflictos<\/strong><\/p>\n<p>Por si puede ser de tu inter\u00e9s, para someter tus reclamaciones puedes utilizar tambi\u00e9n la plataforma de resoluci\u00f3n de litigios que facilita la Comisi\u00f3n Europea y que se encuentra disponible <u><a href=\"http:\/\/ec.europa.eu\/consumers\/odr\/\">aqu\u00ed<\/a><\/u>.<\/p>\n<p><strong>Derechos de propiedad intelectual e industrial<\/strong><\/p>\n<p>En virtud de lo dispuesto en la Ley de Propiedad Intelectual, quedan expresamente prohibidas la reproducci\u00f3n, la distribuci\u00f3n y la comunicaci\u00f3n p\u00fablica, incluida su modalidad de puesta a disposici\u00f3n, de la totalidad o parte de los contenidos de LA WEB, con fines comerciales, en cualquier soporte y por cualquier medio t\u00e9cnico, sin la autorizaci\u00f3n de [[NOMBRE-EMPRESA]]. El usuario se compromete a respetar los derechos de Propiedad Intelectual e Industrial titularidad de Embutidos Larrasoa\u00f1a.<\/p>\n<p>El usuario conoce y acepta que la totalidad de LA WEB, conteniendo sin car\u00e1cter exhaustivo el texto, software, contenidos (incluyendo estructura, selecci\u00f3n, ordenaci\u00f3n y presentaci\u00f3n de los mismos) podcast, fotograf\u00edas, material audiovisual y gr\u00e1ficos, est\u00e1 protegida por marcas, derechos de autor y otros derechos leg\u00edtimos, de acuerdo con los tratados internacionales en los que Espa\u00f1a es parte y otros derechos de propiedad y leyes de Espa\u00f1a.<\/p>\n<p>En el caso de que un usuario o un tercero consideren que se ha producido una violaci\u00f3n de sus leg\u00edtimos derechos de propiedad intelectual por la introducci\u00f3n de un determinado contenido en LA WEB, deber\u00e1 notificar dicha circunstancia a Embutidos Larrasoa\u00f1a indicando:<\/p>\n<ul>\n<li>Datos personales del interesado titular de los derechos presuntamente infringidos, o indicar la representaci\u00f3n con la que act\u00faa en caso de que la reclamaci\u00f3n la presente un tercero distinto del interesado.<\/li>\n<li>Se\u00f1alar los contenidos protegidos por los derechos de propiedad intelectual y su ubicaci\u00f3n en LA WEB, la acreditaci\u00f3n de los derechos de propiedad intelectual se\u00f1alados y declaraci\u00f3n expresa en la que el interesado se responsabiliza de la veracidad de las informaciones facilitadas en la notificaci\u00f3n.<\/li>\n<\/ul>\n<p><strong>Exclusi\u00f3n de garant\u00edas y responsabilidades<\/strong><\/p>\n<p>[[NOMBRE-EMPRESA]] no otorga ninguna garant\u00eda ni se hace responsable, en ning\u00fan caso, de los da\u00f1os y perjuicios de cualquier naturaleza que pudieran traer causa de:<\/p>\n<ul>\n<li>La falta de disponibilidad, mantenimiento y efectivo funcionamiento de LA WEB, o de sus servicios y contenidos.<\/li>\n<li>La existencia de virus, programas maliciosos o lesivos en los contenidos.<\/li>\n<li>El uso il\u00edcito, negligente, fraudulento o contrario a este Aviso Legal.<\/li>\n<li>La falta de licitud, calidad, fiabilidad, utilidad y disponibilidad de los servicios prestados por terceros y puestos a disposici\u00f3n de los usuarios en LA WEB.<\/li>\n<li>Los da\u00f1os que pudieran dimanar del uso ilegal o indebido de LA WEB.<\/li>\n<\/ul>\n<p><strong>Ley aplicable y jurisdicci\u00f3n<\/strong><\/p>\n<p>Con car\u00e1cter general las relaciones entre LA WEB con los usuarios de sus servicios telem\u00e1ticos, presentes en LA WEB se encuentran sometidas a la legislaci\u00f3n y jurisdicci\u00f3n espa\u00f1olas y a los tribunales de Navarra.<\/p>\n<p><strong>Contacto<\/strong><\/p>\n<p>En caso de que cualquier usuario tuviese alguna duda acerca de estas Condiciones Legales o cualquier comentario sobre LA WEB, por favor dir\u00edjase a <u><a href=\"mailto:info@larrasoana.com\">info@larrasoana.com<\/a><\/u><\/p>\n<p><em>\u00daltima actualizaci\u00f3n el 10 de enero de 2019<\/em><\/p>\n","protected":false},"excerpt":{"rendered":"<p>Datos del propietario Conforme a lo establecido en la Ley de Servicios de la Sociedad de la Informaci\u00f3n (LSSI), se informa a los usuarios de www.larrasoana.com (en adelante, LA WEB) que estos son los datos del propietario de este sitio web: Nombre: Embutidos Larrasoa\u00f1a Direcci\u00f3n: Pol\u00edgono Ipertegui n\u00ba 5, CP 31160 Orkoien Navarra CIF: B31790033 [&hellip;]<\/p>\n","protected":false},"author":1,"featured_media":0,"parent":0,"menu_order":0,"comment_status":"closed","ping_status":"closed","template":"","meta":[],"_links":{"self":[{"href":"https:\/\/www.larrasoana.com\/en\/wp-json\/wp\/v2\/pages\/1230"}],"collection":[{"href":"https:\/\/www.larrasoana.com\/en\/wp-json\/wp\/v2\/pages"}],"about":[{"href":"https:\/\/www.larrasoana.com\/en\/wp-json\/wp\/v2\/types\/page"}],"author":[{"embeddable":true,"href":"https:\/\/www.larrasoana.com\/en\/wp-json\/wp\/v2\/users\/1"}],"replies":[{"embeddable":true,"href":"https:\/\/www.larrasoana.com\/en\/wp-json\/wp\/v2\/comments?post=1230"}],"version-history":[{"count":4,"href":"https:\/\/www.larrasoana.com\/en\/wp-json\/wp\/v2\/pages\/1230\/revisions"}],"predecessor-version":[{"id":1268,"href":"https:\/\/www.larrasoana.com\/en\/wp-json\/wp\/v2\/pages\/1230\/revisions\/1268"}],"wp:attachment":[{"href":"https:\/\/www.larrasoana.com\/en\/wp-json\/wp\/v2\/media?parent=1230"}],"curies":[{"name":"wp","href":"https:\/\/api.w.org\/{rel}","templated":true}]}}