{"id":1030,"date":"2018-11-28T12:12:41","date_gmt":"2018-11-28T12:12:41","guid":{"rendered":"http:\/\/www.larrasoana.com\/?page_id=1030"},"modified":"2018-11-29T09:35:43","modified_gmt":"2018-11-29T09:35:43","slug":"homepage-1","status":"publish","type":"page","link":"https:\/\/www.larrasoana.com\/fr\/","title":{"rendered":"Homepage 1"},"content":{"rendered":"<p>[vc_row full_width=\u00a0\u00bbstretch_row_content_no_spaces\u00a0\u00bb][vc_column][rev_slider_vc alias=\u00a0\u00bbsliderfr\u00a0\u00bb][\/vc_column][\/vc_row][vc_row full_width=\u00a0\u00bbstretch_row\u00a0\u00bb css=\u00a0\u00bb.vc_custom_1536565894125{background-color: #bb9c00 !important;background-position: center !important;background-repeat: no-repeat !important;background-size: cover !important;}\u00a0\u00bb][vc_column]<div class=\"sc_section margin_bottom_small section_style_dark_text\" data-animation=\"animated fadeInUp normal\"><div class=\"sc_section_inner\"><h2 class=\"sc_section_title sc_item_title sc_item_title_without_descr\">Bienvenue dans notre entreprise<span><\/span><\/h2><div class=\"sc_section_content_wrap\"><div class=\"sc_section sc_section_block margin_bottom_large aligncenter\" style=\"max-width: 800px;margin-top: -1.5rem;\"><div class=\"sc_section_inner\"><div class=\"sc_section_content_wrap\"><span class=\"sc_highlight\" style=\"color:#231f20;font-size:1.2em; line-height: 1.45em;\">\u00c0 Larrasoa\u00f1a, nous avons r\u00e9sist\u00e9 \u00e0 la r\u00e9duction des propri\u00e9t\u00e9s de nos produits afin de r\u00e9duire les co\u00fbts<\/span><\/div><\/div><\/div>[vc_empty_space height=\u00a0\u00bb0.6rem\u00a0\u00bb]<\/div><\/div><\/div>[\/vc_column][\/vc_row][vc_row inverse=\u00a0\u00bb\u00a0\u00bb css=\u00a0\u00bb.vc_custom_1536572405424{margin-bottom: 0px !important;padding-bottom: 0px !important;}\u00a0\u00bb][vc_column]<div class=\"sc_section aligncenter\" data-animation=\"animated fadeInUp normal\"><div class=\"sc_section_inner\"><div class=\"sc_section_content_wrap\"><figure class=\"sc_image  sc_image_shape_square margin_top_huge-\"><img src=\"https:\/\/www.larrasoana.com\/wp-content\/uploads\/2018\/09\/big-cow2.png\" alt=\"\" \/><\/figure><\/div><\/div><\/div>[\/vc_column][\/vc_row][vc_row css=\u00a0\u00bb.vc_custom_1536572397788{margin-top: 0px !important;padding-top: 0px !important;}\u00a0\u00bb][vc_column css=\u00a0\u00bb.vc_custom_1475066123130{margin-top: 2.35rem !important;margin-bottom: 1rem !important;}\u00a0\u00bb]<div id=\"sc_services_391765421_wrap\" class=\"sc_services_wrap\"><div id=\"sc_services_391765421\" class=\"sc_services sc_services_style_services-1 sc_services_type_images  margin_top_null margin_bottom_null\" style=\"width:100%;\" data-animation=\"animated fadeInUp normal\"><div class=\"sc_columns columns_wrap\"><div class=\"column-1_3 column_padding_bottom\">\t\t\t<div id=\"sc_services_391765421_1\"\t\t\t\tclass=\"sc_services_item sc_services_item_1 odd first\"\n\t\t\t\t>\n\t\t\t\t\t\t\t\t\t<div class=\"sc_services_item_featured post_featured\">\n\t\t\t\t\t\t\t<div class=\"post_thumb\" data-image=\"\" data-title=\"Chistorra\">\n\t<a class=\"hover_icon hover_icon_link\" href=\"http:\/\/www.larrasoana.com\/producto\/txistorra-dulce-y-picante\/\"><img class=\"wp-post-image\" width=\"370\" height=\"300\" alt=\"chistorra.jpg\" src=\"https:\/\/www.larrasoana.com\/wp-content\/uploads\/2018\/11\/chistorra-370x300.jpg\"><\/a>\t<\/div>\n\t\t\t\t\t\t<\/div>\n\t\t\t\t\t\t\t\t\t<div class=\"sc_services_item_content\">\n\t\t\t\t\t<h4 class=\"sc_services_item_title\"><a href=\"http:\/\/www.larrasoana.com\/producto\/txistorra-dulce-y-picante\/\">Chistorra<\/a><\/h4>\n\t\t\t\t\t<div class=\"sc_services_item_description\">\n\t\t\t\t\t\t<p>[vc_column_text]<\/p>\n<p style=\"text-align: center;\">Ce produit est le r\u00e9sultat d&rsquo;un travail soign\u00e9 o\u00f9 essence et savoir-faire sont combin\u00e9s &#8230;<\/p>\n<p>[\/vc_column_text]<\/p><a href=\"http:\/\/www.larrasoana.com\/producto\/txistorra-dulce-y-picante\/\" class=\"sc_button sc_button_square sc_button_style_filled sc_button_size_small\">CONTINUER LA LECTURE<\/a>\t\t\t\t\t<\/div>\n\t\t\t\t<\/div>\n\t\t\t<\/div>\n\t\t<\/div><div class=\"column-1_3 column_padding_bottom\">\t\t\t<div id=\"sc_services_391765421_2\"\t\t\t\tclass=\"sc_services_item sc_services_item_2 even\"\n\t\t\t\t>\n\t\t\t\t\t\t\t\t\t<div class=\"sc_services_item_featured post_featured\">\n\t\t\t\t\t\t\t<div class=\"post_thumb\" data-image=\"\" data-title=\"Boudin noir\">\n\t<a class=\"hover_icon hover_icon_link\" href=\"http:\/\/www.larrasoana.com\/producto\/morcilla-tipo-coctel\/\"><img class=\"wp-post-image\" width=\"370\" height=\"300\" alt=\"morcilla_500.jpg\" src=\"https:\/\/www.larrasoana.com\/wp-content\/uploads\/2018\/11\/morcilla_500-370x300.jpg\"><\/a>\t<\/div>\n\t\t\t\t\t\t<\/div>\n\t\t\t\t\t\t\t\t\t<div class=\"sc_services_item_content\">\n\t\t\t\t\t<h4 class=\"sc_services_item_title\"><a href=\"http:\/\/www.larrasoana.com\/producto\/morcilla-tipo-coctel\/\">Boudin noir<\/a><\/h4>\n\t\t\t\t\t<div class=\"sc_services_item_description\">\n\t\t\t\t\t\t<p>[vc_column_text]<\/p>\n<p style=\"text-align: center;\">Le boudin noir de saucisses Larrasoa\u00f1a est fourr\u00e9 dans du boyau naturel de porc&#8230;<\/p>\n<p>[\/vc_column_text]<\/p><a href=\"http:\/\/www.larrasoana.com\/producto\/morcilla-tipo-coctel\/\" class=\"sc_button sc_button_square sc_button_style_filled sc_button_size_small\">CONTINUER LA LECTURE<\/a>\t\t\t\t\t<\/div>\n\t\t\t\t<\/div>\n\t\t\t<\/div>\n\t\t<\/div><div class=\"column-1_3 column_padding_bottom\">\t\t\t<div id=\"sc_services_391765421_3\"\t\t\t\tclass=\"sc_services_item sc_services_item_3 odd\"\n\t\t\t\t>\n\t\t\t\t\t\t\t\t\t<div class=\"sc_services_item_featured post_featured\">\n\t\t\t\t\t\t\t<div class=\"post_thumb\" data-image=\"\" data-title=\"Saucisse\">\n\t<a class=\"hover_icon hover_icon_link\" href=\"http:\/\/www.larrasoana.com\/producto\/salchicha-cocida-tipo-frankfurt\/\"><img class=\"wp-post-image\" width=\"370\" height=\"300\" alt=\"frankfurt_300.jpg\" src=\"https:\/\/www.larrasoana.com\/wp-content\/uploads\/2018\/10\/frankfurt_300-370x300.jpg\"><\/a>\t<\/div>\n\t\t\t\t\t\t<\/div>\n\t\t\t\t\t\t\t\t\t<div class=\"sc_services_item_content\">\n\t\t\t\t\t<h4 class=\"sc_services_item_title\"><a href=\"http:\/\/www.larrasoana.com\/producto\/salchicha-cocida-tipo-frankfurt\/\">Saucisse<\/a><\/h4>\n\t\t\t\t\t<div class=\"sc_services_item_description\">\n\t\t\t\t\t\t<p>[vc_column_text]<\/p>\n<p style=\"text-align: center;\">Fabriqu\u00e9 avec les formules et les m\u00e9thodes allemandes traditionnelles, adapt\u00e9 au go\u00fbt de notre cuisine avec l&rsquo;utilisation du paprika.<\/p>\n<p>[\/vc_column_text]<\/p><a href=\"http:\/\/www.larrasoana.com\/producto\/salchicha-cocida-tipo-frankfurt\/\" class=\"sc_button sc_button_square sc_button_style_filled sc_button_size_small\">CONTINUER LA LECTURE<\/a>\t\t\t\t\t<\/div>\n\t\t\t\t<\/div>\n\t\t\t<\/div>\n\t\t<\/div><\/div><\/div><!-- \/.sc_services --><\/div><!-- \/.sc_services_wrap -->[\/vc_column][\/vc_row][vc_row full_width=\u00a0\u00bbstretch_row\u00a0\u00bb inverse=\u00a0\u00bbyes\u00a0\u00bb css=\u00a0\u00bb.vc_custom_1538557473535{padding-bottom: 50px !important;background-image: url(http:\/\/www.larrasoana.com\/wp-content\/uploads\/2018\/09\/imagen_noticias.jpg?id=666) !important;background-position: center !important;background-repeat: no-repeat !important;background-size: cover !important;}\u00a0\u00bb][vc_column css=\u00a0\u00bb.vc_custom_1475235191339{margin-top: 2.65em !important;margin-bottom: 0.6em !important;padding-left: 5.5em !important;}\u00a0\u00bb][vc_custom_heading text=\u00a0\u00bbNouvelles\u00a0\u00bb font_container=\u00a0\u00bbtag:h2|font_size:50|text_align:left|color:%23ffffff\u00a0\u00bb google_fonts=\u00a0\u00bbfont_family:Libre%20Baskerville%3Aregular%2Citalic%2C700|font_style:700%20bold%20regular%3A700%3Anormal\u00a0\u00bb]<div id=\"sc_blogger_1322621889\" class=\"sc_blogger layout_excerpt template_excerpt  sc_blogger_horizontal\">\t\t<div class=\"post_item post_item_excerpt post_featured_right post_format_standard odd last post-1178 post type-post status-publish format-standard has-post-thumbnail hentry category-nouvelles\">\n\t\t\t<h2 class=\"post_title\"><a href=\"https:\/\/www.larrasoana.com\/fr\/une-securite-alimentaire-accrue\/\">Une s\u00e9curit\u00e9 alimentaire accrue<\/a><\/h2>\t\t\t\t<div class=\"post_featured\">\n\t\t\t\t\t<div class=\"post_thumb\" data-image=\"https:\/\/www.larrasoana.com\/wp-content\/uploads\/2018\/09\/DSC_0371.jpg\" data-title=\"Une s\u00e9curit\u00e9 alimentaire accrue\">\n\t<a class=\"hover_icon hover_icon_link\" href=\"https:\/\/www.larrasoana.com\/fr\/une-securite-alimentaire-accrue\/\"><img class=\"wp-post-image\" width=\"770\" height=\"434\" alt=\"Une s\u00e9curit\u00e9 alimentaire accrue\" src=\"https:\/\/www.larrasoana.com\/wp-content\/uploads\/2018\/09\/DSC_0371-770x434.jpg\"><\/a>\t<\/div>\n\t\t\t\t\t<\/div>\n\t\t\t\t\n\t\t\t<div class=\"post_content clearfix\">\n\t\t\t\t\t\t\n\t\t\t\t<div class=\"post_descr\">\n\t\t\t\t<p>Le 26 septembre dernier, Embutidos Larrasoa\u00f1a a pass\u00e9 l&rsquo;audit initial du certificat de qualit\u00e9 SAE. Cette certification, bas\u00e9e sur la tra\u00e7abilit\u00e9 des mati\u00e8res premi\u00e8res, nous met \u00e0 pied d&rsquo;\u0153uvre pour exporter nos produits. C&rsquo;est la prestigieuse entreprise Certifood qui...<\/p><a href=\"https:\/\/www.larrasoana.com\/fr\/une-securite-alimentaire-accrue\/\" class=\"sc_button sc_button_square sc_button_style_filled sc_button_size_large\">CONTINUER LA LECTURE<\/a>\t\t\t\t<\/div>\n\n\t\t\t<\/div>\t<!-- \/.post_content -->\n\n\t\t<\/div>\t<!-- \/.post_item -->\n\n\t<\/div>[\/vc_column][\/vc_row]<\/p>\n","protected":false},"excerpt":{"rendered":"<p>[vc_row full_width=\u00a0\u00bbstretch_row_content_no_spaces\u00a0\u00bb][vc_column][rev_slider_vc alias=\u00a0\u00bbsliderfr\u00a0\u00bb][\/vc_column][\/vc_row][vc_row full_width=\u00a0\u00bbstretch_row\u00a0\u00bb css=\u00a0\u00bb.vc_custom_1536565894125{background-color: #bb9c00 !important;background-position: center !important;background-repeat: no-repeat !important;background-size: cover !important;}\u00a0\u00bb][vc_column][\/vc_column][\/vc_row][vc_row inverse=\u00a0\u00bb\u00a0\u00bb css=\u00a0\u00bb.vc_custom_1536572405424{margin-bottom: 0px !important;padding-bottom: 0px !important;}\u00a0\u00bb][vc_column][\/vc_column][\/vc_row][vc_row css=\u00a0\u00bb.vc_custom_1536572397788{margin-top: 0px !important;padding-top: 0px !important;}\u00a0\u00bb][vc_column css=\u00a0\u00bb.vc_custom_1475066123130{margin-top: 2.35rem !important;margin-bottom: 1rem !important;}\u00a0\u00bb][\/vc_column][\/vc_row][vc_row full_width=\u00a0\u00bbstretch_row\u00a0\u00bb inverse=\u00a0\u00bbyes\u00a0\u00bb css=\u00a0\u00bb.vc_custom_1538557473535{padding-bottom: 50px !important;background-image: url(http:\/\/www.larrasoana.com\/wp-content\/uploads\/2018\/09\/imagen_noticias.jpg?id=666) !important;background-position: center !important;background-repeat: no-repeat !important;background-size: cover !important;}\u00a0\u00bb][vc_column css=\u00a0\u00bb.vc_custom_1475235191339{margin-top: 2.65em !important;margin-bottom: 0.6em !important;padding-left: 5.5em !important;}\u00a0\u00bb][vc_custom_heading text=\u00a0\u00bbNouvelles\u00a0\u00bb font_container=\u00a0\u00bbtag:h2|font_size:50|text_align:left|color:%23ffffff\u00a0\u00bb google_fonts=\u00a0\u00bbfont_family:Libre%20Baskerville%3Aregular%2Citalic%2C700|font_style:700%20bold%20regular%3A700%3Anormal\u00a0\u00bb][\/vc_column][\/vc_row]<\/p>\n","protected":false},"author":1,"featured_media":0,"parent":0,"menu_order":0,"comment_status":"closed","ping_status":"closed","template":"","meta":[],"_links":{"self":[{"href":"https:\/\/www.larrasoana.com\/fr\/wp-json\/wp\/v2\/pages\/1030"}],"collection":[{"href":"https:\/\/www.larrasoana.com\/fr\/wp-json\/wp\/v2\/pages"}],"about":[{"href":"https:\/\/www.larrasoana.com\/fr\/wp-json\/wp\/v2\/types\/page"}],"author":[{"embeddable":true,"href":"https:\/\/www.larrasoana.com\/fr\/wp-json\/wp\/v2\/users\/1"}],"replies":[{"embeddable":true,"href":"https:\/\/www.larrasoana.com\/fr\/wp-json\/wp\/v2\/comments?post=1030"}],"version-history":[{"count":7,"href":"https:\/\/www.larrasoana.com\/fr\/wp-json\/wp\/v2\/pages\/1030\/revisions"}],"predecessor-version":[{"id":1201,"href":"https:\/\/www.larrasoana.com\/fr\/wp-json\/wp\/v2\/pages\/1030\/revisions\/1201"}],"wp:attachment":[{"href":"https:\/\/www.larrasoana.com\/fr\/wp-json\/wp\/v2\/media?parent=1030"}],"curies":[{"name":"wp","href":"https:\/\/api.w.org\/{rel}","templated":true}]}}