{"id":1036,"date":"2018-11-28T12:23:40","date_gmt":"2018-11-28T12:23:40","guid":{"rendered":"http:\/\/www.larrasoana.com\/?page_id=1036"},"modified":"2018-11-28T12:24:40","modified_gmt":"2018-11-28T12:24:40","slug":"entreprise","status":"publish","type":"page","link":"https:\/\/www.larrasoana.com\/fr\/entreprise\/","title":{"rendered":"ENTREPRISE"},"content":{"rendered":"<p>[vc_row full_width=\u00a0\u00bbstretch_row_content_no_spaces\u00a0\u00bb][vc_column][rev_slider_vc alias=\u00a0\u00bbsliderfr\u00a0\u00bb][\/vc_column][\/vc_row][vc_row full_width=\u00a0\u00bbstretch_row\u00a0\u00bb css=\u00a0\u00bb.vc_custom_1536565894125{background-color: #bb9c00 !important;background-position: center !important;background-repeat: no-repeat !important;background-size: cover !important;}\u00a0\u00bb][vc_column][vc_custom_heading text=\u00a0\u00bbBienvenue \u00e0<br \/>\nnotre entreprise\u00a0\u00bb font_container=\u00a0\u00bbtag:h1|font_size:38|text_align:center|color:%23000000&Prime; google_fonts=\u00a0\u00bbfont_family:Libre%20Baskerville%3Aregular%2Citalic%2C700|font_style:700%20bold%20regular%3A700%3Anormal\u00a0\u00bb][vc_empty_space height=\u00a0\u00bb52px\u00a0\u00bb][\/vc_column][\/vc_row][vc_row inverse=\u00a0\u00bb\u00a0\u00bb css=\u00a0\u00bb.vc_custom_1536572405424{margin-bottom: 0px !important;padding-bottom: 0px !important;}\u00a0\u00bb][vc_column]<div class=\"sc_section aligncenter\" data-animation=\"animated fadeInUp normal\"><div class=\"sc_section_inner\"><div class=\"sc_section_content_wrap\"><figure class=\"sc_image  sc_image_shape_square margin_top_huge-\"><img src=\"https:\/\/www.larrasoana.com\/wp-content\/uploads\/2018\/09\/big-cow2.png\" alt=\"\" \/><\/figure><\/div><\/div><\/div>[\/vc_column][\/vc_row][vc_row css=\u00a0\u00bb.vc_custom_1538124428171{margin-top: 0px !important;margin-bottom: 30px !important;border-top-width: 0px !important;padding-top: 0px !important;}\u00a0\u00bb][vc_column][vc_custom_heading text=\u00a0\u00bbChaque produit d\u2019Embutidos Larrasoa\u00f1a est le r\u00e9sultat d\u2019une s\u00e9lection rigoureuse de mati\u00e8res premi\u00e8res, viandes de porc de premi\u00e8re qualit\u00e9, ainsi que d\u2019un processus d\u2019\u00e9laboration, soumis \u00e0 des contr\u00f4les d\u2019hygi\u00e8ne et sanitaires stricts, o\u00f9 se conjuguent la technologie de pointe et l\u2019essence des m\u00e9thodes artisanales traditionnelles.<br \/>\nTout ceci dans l\u2019unique objectif d\u2019obtenir l\u2019enti\u00e8re confiance de nos clients sur toute la gamme de produits.<\/p>\n<p>Pour ce faire, nous nous appuyons sur les principes suivants:<br \/>\n\u00a0\u00bb font_container=\u00a0\u00bbtag:h2|font_size:21PX|text_align:center|color:%23000000&Prime; google_fonts=\u00a0\u00bbfont_family:Oswald%3A300%2Cregular%2C700|font_style:400%20regular%3A400%3Anormal\u00a0\u00bb css=\u00a0\u00bb.vc_custom_1543407572627{margin-top: 0px !important;border-top-width: 0px !important;padding-top: 0px !important;}\u00a0\u00bb][\/vc_column][\/vc_row][vc_row][vc_column width=\u00a0\u00bb1\/3&Prime;][vc_single_image image=\u00a0\u00bb796&Prime; img_size=\u00a0\u00bbfull\u00a0\u00bb alignment=\u00a0\u00bbcenter\u00a0\u00bb][vc_custom_heading text=\u00a0\u00bbTra\u00e7abilit\u00e9\u00a0\u00bb font_container=\u00a0\u00bbtag:h2|font_size:38|text_align:center|color:%23000000&Prime; google_fonts=\u00a0\u00bbfont_family:Libre%20Baskerville%3Aregular%2Citalic%2C700|font_style:700%20bold%20regular%3A700%3Anormal\u00a0\u00bb css=\u00a0\u00bb.vc_custom_1543407680594{margin-top: 5px !important;margin-bottom: 10px !important;padding-top: 0px !important;}\u00a0\u00bb][vc_custom_heading text=\u00a0\u00bbDepuis la s\u00e9lection des mati\u00e8res<br \/>\n premi\u00e8res jusqu\u2019\u00e0 votre table.\u00a0\u00bb font_container=\u00a0\u00bbtag:p|font_size:21|text_align:center|color:%23000000&Prime; google_fonts=\u00a0\u00bbfont_family:Oswald%3A300%2Cregular%2C700|font_style:300%20light%20regular%3A300%3Anormal\u00a0\u00bb][\/vc_column][vc_column width=\u00a0\u00bb1\/3&Prime;][vc_single_image image=\u00a0\u00bb797&Prime; img_size=\u00a0\u00bbfull\u00a0\u00bb alignment=\u00a0\u00bbcenter\u00a0\u00bb][vc_custom_heading text=\u00a0\u00bbQualit\u00e9\u00a0\u00bb font_container=\u00a0\u00bbtag:h2|font_size:38|text_align:center|color:%23000000&Prime; google_fonts=\u00a0\u00bbfont_family:Libre%20Baskerville%3Aregular%2Citalic%2C700|font_style:700%20bold%20regular%3A700%3Anormal\u00a0\u00bb css=\u00a0\u00bb.vc_custom_1543407711723{margin-top: 5px !important;margin-bottom: 10px !important;padding-top: 0px !important;}\u00a0\u00bb][vc_custom_heading text=\u00a0\u00bbElle fait partie de notre culture et tradition, ce qui nous a distingu\u00e9s en permanence au fil des ann\u00e9es. La Qualit\u00e9 Larrasoa\u00f1a, un label obtenu des certifications et audits de qualit\u00e9 pour offrir la meilleure garantie de nos produits.\u00a0\u00bb font_container=\u00a0\u00bbtag:p|font_size:21|text_align:center|color:%23000000&Prime; google_fonts=\u00a0\u00bbfont_family:Oswald%3A300%2Cregular%2C700|font_style:300%20light%20regular%3A300%3Anormal\u00a0\u00bb][\/vc_column][vc_column width=\u00a0\u00bb1\/3&Prime;][vc_single_image image=\u00a0\u00bb798&Prime; img_size=\u00a0\u00bbfull\u00a0\u00bb alignment=\u00a0\u00bbcenter\u00a0\u00bb][vc_custom_heading text=\u00a0\u00bbPersonnel\u00a0\u00bb font_container=\u00a0\u00bbtag:h2|font_size:38|text_align:center|color:%23000000&Prime; google_fonts=\u00a0\u00bbfont_family:Libre%20Baskerville%3Aregular%2Citalic%2C700|font_style:700%20bold%20regular%3A700%3Anormal\u00a0\u00bb css=\u00a0\u00bb.vc_custom_1543407749788{margin-top: 5px !important;margin-bottom: 10px !important;padding-top: 0px !important;}\u00a0\u00bb][vc_custom_heading text=\u00a0\u00bbDes professionnels \u00e0 la solide exp\u00e9rience et vocation pour les choses bien faites, \u00e9laborant jour apr\u00e8s jour le dessus du panier pour les consommateurs.\u00a0\u00bb font_container=\u00a0\u00bbtag:p|font_size:21|text_align:center|color:%23000000&Prime; google_fonts=\u00a0\u00bbfont_family:Oswald%3A300%2Cregular%2C700|font_style:300%20light%20regular%3A300%3Anormal\u00a0\u00bb][\/vc_column][\/vc_row][vc_row full_width=\u00a0\u00bbstretch_row\u00a0\u00bb inverse=\u00a0\u00bb\u00a0\u00bb css=\u00a0\u00bb.vc_custom_1538124619930{background-image: url(http:\/\/www.larrasoana.com\/wp-content\/uploads\/2018\/09\/fond.jpg?id=806) !important;background-position: center !important;background-repeat: no-repeat !important;background-size: cover !important;}\u00a0\u00bb][vc_column]<div class=\"sc_section margin_bottom_small section_style_white_text\" data-animation=\"animated fadeInUp normal\" style=\"color:white;color:#000000;\"><div class=\"sc_section_inner\"><h2 class=\"sc_section_title sc_item_title sc_item_title_without_descr\">Engagement pour l\u2019environnement<span><\/span><\/h2><div class=\"sc_section_descr sc_item_descr\">Nos contr\u00f4les qualit\u00e9 concernent tous les processus de fabrication de mani\u00e8re int\u00e9grale, car nous sommes engag\u00e9s pour l\u2019environnement et pour l\u2019am\u00e9lioration continue des processus d\u2019\u00e9conomie d\u2019\u00e9nergie, consommation d\u2019eau, d\u00e9chets, etc. parmi de nombreuses autres mesures.<br \/>\nAujourd\u2019hui comme hier, nous tenons \u00e0 ce que nos consommateurs mangent bien, sain, d\u00e9licieux et le plus naturel possible nos produits.<br \/><\/div><div class=\"sc_section_content_wrap\">[vc_empty_space height=\u00a0\u00bb0.6rem\u00a0\u00bb]<\/div><\/div><\/div>[\/vc_column][\/vc_row][vc_row full_width=\u00a0\u00bbstretch_row\u00a0\u00bb css=\u00a0\u00bb.vc_custom_1538125535352{background-color: #bb9c00 !important;}\u00a0\u00bb][vc_column width=\u00a0\u00bb1\/4&Prime;][vc_single_image image=\u00a0\u00bb815&Prime; img_size=\u00a0\u00bbfull\u00a0\u00bb style=\u00a0\u00bbvc_box_circle_2&Prime; css=\u00a0\u00bb.vc_custom_1538125746911{margin-top: 50px !important;margin-bottom: 50px !important;}\u00a0\u00bb][\/vc_column][vc_column width=\u00a0\u00bb3\/4&Prime;][vc_custom_heading text=\u00a0\u00bbRSE\u00a0\u00bb font_container=\u00a0\u00bbtag:h2|font_size:38|text_align:left|color:%23ffffff\u00a0\u00bb google_fonts=\u00a0\u00bbfont_family:Libre%20Baskerville%3Aregular%2Citalic%2C700|font_style:700%20bold%20regular%3A700%3Anormal\u00a0\u00bb css=\u00a0\u00bb.vc_custom_1538125780232{margin-bottom: 5px !important;padding-bottom: 0px !important;}\u00a0\u00bb][vc_custom_heading text=\u00a0\u00bbLe Gouvernement de Navarre a d\u00e9cern\u00e9 \u00e0 Embutidos Larrasoa\u00f1a le label Innova RSE 2016, une fois r\u00e9alis\u00e9 le diagnostic correspondant et v\u00e9rifi\u00e9 qu\u2019elle remplit les objectifs pour la promotion de la RSE.\u00a0\u00bb font_container=\u00a0\u00bbtag:p|font_size:21|text_align:left|color:%23ffffff\u00a0\u00bb google_fonts=\u00a0\u00bbfont_family:Oswald%3A300%2Cregular%2C700|font_style:300%20light%20regular%3A300%3Anormal\u00a0\u00bb][\/vc_column][\/vc_row]<\/p>\n","protected":false},"excerpt":{"rendered":"<p>[vc_row full_width=\u00a0\u00bbstretch_row_content_no_spaces\u00a0\u00bb][vc_column][rev_slider_vc alias=\u00a0\u00bbsliderfr\u00a0\u00bb][\/vc_column][\/vc_row][vc_row full_width=\u00a0\u00bbstretch_row\u00a0\u00bb css=\u00a0\u00bb.vc_custom_1536565894125{background-color: #bb9c00 !important;background-position: center !important;background-repeat: no-repeat !important;background-size: cover !important;}\u00a0\u00bb][vc_column][vc_custom_heading text=\u00a0\u00bbBienvenue \u00e0 notre entreprise\u00a0\u00bb font_container=\u00a0\u00bbtag:h1|font_size:38|text_align:center|color:%23000000&Prime; google_fonts=\u00a0\u00bbfont_family:Libre%20Baskerville%3Aregular%2Citalic%2C700|font_style:700%20bold%20regular%3A700%3Anormal\u00a0\u00bb][vc_empty_space height=\u00a0\u00bb52px\u00a0\u00bb][\/vc_column][\/vc_row][vc_row inverse=\u00a0\u00bb\u00a0\u00bb css=\u00a0\u00bb.vc_custom_1536572405424{margin-bottom: 0px !important;padding-bottom: 0px !important;}\u00a0\u00bb][vc_column][\/vc_column][\/vc_row][vc_row css=\u00a0\u00bb.vc_custom_1538124428171{margin-top: 0px !important;margin-bottom: 30px !important;border-top-width: 0px !important;padding-top: 0px !important;}\u00a0\u00bb][vc_column][vc_custom_heading text=\u00a0\u00bbChaque produit d\u2019Embutidos Larrasoa\u00f1a est le r\u00e9sultat d\u2019une s\u00e9lection rigoureuse de mati\u00e8res premi\u00e8res, viandes de porc de premi\u00e8re qualit\u00e9, ainsi [&hellip;]<\/p>\n","protected":false},"author":1,"featured_media":0,"parent":0,"menu_order":0,"comment_status":"closed","ping_status":"closed","template":"","meta":[],"_links":{"self":[{"href":"https:\/\/www.larrasoana.com\/fr\/wp-json\/wp\/v2\/pages\/1036"}],"collection":[{"href":"https:\/\/www.larrasoana.com\/fr\/wp-json\/wp\/v2\/pages"}],"about":[{"href":"https:\/\/www.larrasoana.com\/fr\/wp-json\/wp\/v2\/types\/page"}],"author":[{"embeddable":true,"href":"https:\/\/www.larrasoana.com\/fr\/wp-json\/wp\/v2\/users\/1"}],"replies":[{"embeddable":true,"href":"https:\/\/www.larrasoana.com\/fr\/wp-json\/wp\/v2\/comments?post=1036"}],"version-history":[{"count":2,"href":"https:\/\/www.larrasoana.com\/fr\/wp-json\/wp\/v2\/pages\/1036\/revisions"}],"predecessor-version":[{"id":1038,"href":"https:\/\/www.larrasoana.com\/fr\/wp-json\/wp\/v2\/pages\/1036\/revisions\/1038"}],"wp:attachment":[{"href":"https:\/\/www.larrasoana.com\/fr\/wp-json\/wp\/v2\/media?parent=1036"}],"curies":[{"name":"wp","href":"https:\/\/api.w.org\/{rel}","templated":true}]}}