{"id":1233,"date":"2019-01-10T15:59:28","date_gmt":"2019-01-10T15:59:28","guid":{"rendered":"http:\/\/www.larrasoana.com\/politica-de-privacidad\/"},"modified":"2019-04-29T09:45:27","modified_gmt":"2019-04-29T09:45:27","slug":"politica-de-privacidad","status":"publish","type":"page","link":"https:\/\/www.larrasoana.com\/fr\/politica-de-privacidad\/","title":{"rendered":"Pol\u00edtica de privacidad"},"content":{"rendered":"<h4>INFORMACI\u00d3N ADICIONAL SOBRE PROTECCI\u00d3N DE DATOS<\/h4>\n<h5>1. Menores de edad<\/h5>\n<p>Conforme a lo dispuesto en la normativa de protecci\u00f3n de datos Embutidos Larrasoa\u00f1a (en adelante Embutidos Larrasoa\u00f1a ) determina como requisito indispensable para que puedas contactar o registrarte en nuestro sistema que tengas m\u00e1s de trece a\u00f1os, o en su defecto que cuentes con la pertinente autorizaci\u00f3n de tus padres y\/o tutores legales. Si eres menor de trece a\u00f1os y has accedido a este sitio web sin avisar a tus padres no debes mandar este formulario.<\/p>\n<p>La responsabilidad de la veracidad de esta informaci\u00f3n recae sobre ti. Embutidos Larrasoa\u00f1a en el supuesto de que compruebe que no se cumple el citado requisito, tiene la potestad para hacer caso omiso a la solicitud remitida. En ning\u00fan caso se recabar\u00e1n del menor de edad datos relativos a la situaci\u00f3n profesional, econ\u00f3mica o a la intimidad de los otros miembros de la familia, sin el consentimiento de \u00e9stos.<\/p>\n<h5>2. \u00bfQui\u00e9n es el Responsable del tratamiento de tus datos?<\/h5>\n<p><strong>Identidad<\/strong>: &nbsp;&nbsp;&nbsp;&nbsp;&nbsp;&nbsp;&nbsp;&nbsp;&nbsp;&nbsp;&nbsp;&nbsp;&nbsp;&nbsp;&nbsp;&nbsp;&nbsp;&nbsp; Emnbutidos Larrasoa\u00f1a<br \/>\n<strong>CIF<\/strong>: &nbsp;&nbsp;&nbsp;&nbsp;&nbsp;&nbsp;&nbsp;&nbsp;&nbsp;&nbsp;&nbsp;&nbsp;&nbsp;&nbsp;&nbsp;&nbsp;&nbsp;&nbsp;&nbsp;&nbsp;&nbsp;&nbsp;&nbsp;&nbsp;&nbsp;&nbsp;&nbsp; <span class=\"st\">B31790033<\/span><br \/>\n<strong>Direcci\u00f3n postal<\/strong>:&nbsp;&nbsp;&nbsp;&nbsp;&nbsp;&nbsp;&nbsp; Pol\u00edgono Ipertegui n\u00ba 5, CP 31160 Orkoien Navarra<br \/>\n<strong>Tel\u00e9fonos<\/strong>: &nbsp;&nbsp;&nbsp;&nbsp;&nbsp;&nbsp;&nbsp;&nbsp;&nbsp;&nbsp;&nbsp;&nbsp;&nbsp;&nbsp;&nbsp;&nbsp;&nbsp; (+34) 948 321 078<br \/>\n<strong>Correo electr\u00f3nico<\/strong>: &nbsp;&nbsp;&nbsp; info@larrasoana.com<\/p>\n<p>&nbsp;<\/p>\n<h5>3. \u00bfCon qu\u00e9 finalidad tratamos tus datos personales?<\/h5>\n<p>Dentro de nuestra web existen varios formularios de recogida de datos distintos, cada de los cuales tiene una finalidad distinta:<\/p>\n<ul>\n<li><strong>Formulario de contacto<\/strong>: tiene como finalidad responder a la solicitud de informaci\u00f3n planteada por el interesado\/a.<\/li>\n<\/ul>\n<p>Cualquier modificaci\u00f3n que pueda en su caso producirse en los datos de car\u00e1cter personal, deber\u00e1 ser puesta en conocimiento por parte del titular de los mismos, respondiendo en cualquier caso de la veracidad y exactitud de los datos suministrados en cada momento.<\/p>\n<h5>4. \u00bfPor cu\u00e1nto tiempo conservaremos tus datos?<\/h5>\n<p>Tus datos ser\u00e1n conservados mientras no revoques tu consentimiento para que los tratemos, en cuyo caso tus datos ser\u00e1n conservados \u00fanicamente durante el plazo exigido por la normativa legal aplicable.<\/p>\n<p>Tratamos tus datos de manera l\u00edcita, leal, transparente, adecuada, pertinente, limitada, exacta y actualizada. Es por ello que nos comprometemos a adoptar todas las medidas razonables para que estos se supriman o rectifiquen sin dilaci\u00f3n cuando sean inexactos.<\/p>\n<h5>5. \u00bfCu\u00e1l es la legitimaci\u00f3n para el tratamiento de tus datos?<\/h5>\n<p>La base jur\u00eddica para el tratamiento de tus datos es tu consentimiento manifestado expresamente con la aceptaci\u00f3n de la presente pol\u00edtica de protecci\u00f3n de datos al aceptar la casilla de verificaci\u00f3n no pre-marcada en el formulario de recogida de datos.<\/p>\n<p>En el caso de que se suministren datos de terceros, el usuario declara contar con el consentimiento de los titulares de los mismos para la citada comunicaci\u00f3n de datos o en su caso ostentar su representaci\u00f3n legal, eximiendo de toda responsabilidad a Embutidos Larrasoa\u00f1a <strong>.<\/strong><\/p>\n<h5>6. \u00bfA qu\u00e9 destinatarios se comunicar\u00e1n tus datos?<\/h5>\n<p>Los datos no se ceder\u00e1n a terceros salvo en los casos en que exista una obligaci\u00f3n legal o sea preciso para el cumplimiento de la finalidad del tratamiento.<\/p>\n<p>En este \u00faltimo sentido, para prestar servicios estrictamente necesarios para el desarrollo de nuestra actividad, Embutidos Larrasoa\u00f1a comparte datos con prestadores de servicios tales como el servicio de alojamiento o la plataforma web, proveedores con quienes tengo firmados los correspondientes contratos de encargado de tratamiento conforme a la normativa vigente en materia de protecci\u00f3n de datos.<\/p>\n<p>Todas las utilidades ofrecidas por terceros son estrictamente necesarias para el desarrollo de nuestros servicios y han sido seleccionadas atendiendo al cumplimiento de los derechos que preservamos en esta web.<\/p>\n<h5>7. \u00bfCu\u00e1les son tus derechos cuando nos facilitas tus datos?<\/h5>\n<p>Cualquier persona tiene derecho a obtener confirmaci\u00f3n sobre si Embutidos Larrasoa\u00f1a est\u00e1 tratando datos personales que les conciernan, o no.<\/p>\n<p>Las personas interesadas tienen derecho a acceder a sus datos personales, as\u00ed como a solicitar la rectificaci\u00f3n de los datos inexactos o, en su caso, solicitar su supresi\u00f3n cuando, entre otros motivos, los datos ya no sean necesarios para los fines que fueron recogidos.<\/p>\n<p>En determinadas circunstancias, los interesados podr\u00e1n solicitar la limitaci\u00f3n del tratamiento de sus datos, en cuyo caso \u00fanicamente los conservaremos para el ejercicio o la defensa de reclamaciones.<\/p>\n<p>En determinadas circunstancias y por motivos relacionados con su situaci\u00f3n particular, los interesados podr\u00e1n oponerse al tratamiento de sus datos. [[NOMBRE-EMPRESA]] dejar\u00e1 de tratar los datos, salvo por motivos leg\u00edtimos imperiosos, o el ejercicio o la defensa de posibles reclamaciones.<\/p>\n<p>Puedes ejercitar los derechos de <strong>acceso, rectificaci\u00f3n, limitaci\u00f3n del tratamiento, supresi\u00f3n, oposici\u00f3n y portabilidad<\/strong>, mediante solicitud dirigida por escrito, acreditando tu identidad mediante correo electr\u00f3nico a la direcci\u00f3n electr\u00f3nica <a href=\"mailto:info@larrasoana.com\">info@larrasoana.com<\/a> indicando en el Asunto EJERCICIO DERECHOS PROTECCI\u00d3N DE DATOS.<\/p>\n<p>Para el supuesto de que entiendas que tu solicitud no ha sido correctamente atendida te indicamos que puedes dirigir tus reclamaciones en materia de protecci\u00f3n de datos a la Agencia Espa\u00f1ola de Protecci\u00f3n de datos a trav\u00e9s de los formularios que esta entidad tiene habilitados al efecto en su p\u00e1gina web <a href=\"http:\/\/www.agpd.es\" target=\"_blank\" rel=\"noopener\">www.agpd.es<\/a>.<\/p>\n<h5>8. \u00bfQu\u00e9 tipos de datos tratamos?<\/h5>\n<p>Las categor\u00edas de datos que se tratamos son:<\/p>\n<ul>\n<li>Datos de identificaci\u00f3n<\/li>\n<li>C\u00f3digos o claves de identificaci\u00f3n<\/li>\n<li>Direcciones postales o electr\u00f3nicas<\/li>\n<li>Informaci\u00f3n comercial<\/li>\n<li>Datos econ\u00f3micos<\/li>\n<\/ul>\n<p>No se tratan datos especialmente protegidos.<\/p>\n<h5>9. Comunicaciones comerciales por medios electr\u00f3nicos<\/h5>\n<p>Embutidos Larrasoa\u00f1a te informa que da cumplimiento a la Ley 34\/2002 de 11 de julio, de Servicios de la Sociedad de la Informaci\u00f3n y el Comercio Electr\u00f3nico y no realiza pr\u00e1cticas de SPAM, por ello te solicitar\u00e1 tu consentimiento al tratamiento de tu correo electr\u00f3nico o tel\u00e9fono m\u00f3vil con fines comerciales en cada momento.<\/p>\n<h5>10. Actualizaci\u00f3n de la pol\u00edtica de privacidad<\/h5>\n<p>Embutidos Larrasoa\u00f1a se reserva el derecho de modificar su pol\u00edtica de privacidad o condiciones de uso de sus servicios por motivos de adaptaci\u00f3n a la legislaci\u00f3n vigente, u otros motivos, por lo que se recomienda al usuario de este sitio web la revisi\u00f3n peri\u00f3dica de esta p\u00e1gina, ya que el uso de este sitio web por parte del usuario se entender\u00e1 como aceptaci\u00f3n de la pol\u00edtica de privacidad o condiciones de uso vigentes en ese momento.<\/p>\n<p>Se asegura la absoluta confidencialidad y privacidad de los datos personales recogidos y por ello se han adoptado medidas de seguridad a fin de evitar la alteraci\u00f3n, p\u00e9rdida, tratamiento o acceso no autorizado, y garantizar as\u00ed su integridad, disponibilidad y seguridad.<\/p>\n<p>Sin embargo, Embutidos Larrasoa\u00f1a no ser\u00e1 responsable de las incidencias que puedan surgir en torno a datos personales cuando estas se deriven: bien de un ataque o acceso no autorizado a los sistemas de tal forma que resulte imposible detectarlo o impedirlo a\u00fan adopt\u00e1ndose las medidas seg\u00fan el estado de la tecnolog\u00eda actual.<\/p>\n<p><em>\u00daltima actualizaci\u00f3n el 10 de enero de 2019<\/em><\/p>\n","protected":false},"excerpt":{"rendered":"<p>INFORMACI\u00d3N ADICIONAL SOBRE PROTECCI\u00d3N DE DATOS 1. Menores de edad Conforme a lo dispuesto en la normativa de protecci\u00f3n de datos Embutidos Larrasoa\u00f1a (en adelante Embutidos Larrasoa\u00f1a ) determina como requisito indispensable para que puedas contactar o registrarte en nuestro sistema que tengas m\u00e1s de trece a\u00f1os, o en su defecto que cuentes con la [&hellip;]<\/p>\n","protected":false},"author":1,"featured_media":0,"parent":0,"menu_order":0,"comment_status":"closed","ping_status":"closed","template":"","meta":[],"_links":{"self":[{"href":"https:\/\/www.larrasoana.com\/fr\/wp-json\/wp\/v2\/pages\/1233"}],"collection":[{"href":"https:\/\/www.larrasoana.com\/fr\/wp-json\/wp\/v2\/pages"}],"about":[{"href":"https:\/\/www.larrasoana.com\/fr\/wp-json\/wp\/v2\/types\/page"}],"author":[{"embeddable":true,"href":"https:\/\/www.larrasoana.com\/fr\/wp-json\/wp\/v2\/users\/1"}],"replies":[{"embeddable":true,"href":"https:\/\/www.larrasoana.com\/fr\/wp-json\/wp\/v2\/comments?post=1233"}],"version-history":[{"count":1,"href":"https:\/\/www.larrasoana.com\/fr\/wp-json\/wp\/v2\/pages\/1233\/revisions"}],"predecessor-version":[{"id":1259,"href":"https:\/\/www.larrasoana.com\/fr\/wp-json\/wp\/v2\/pages\/1233\/revisions\/1259"}],"wp:attachment":[{"href":"https:\/\/www.larrasoana.com\/fr\/wp-json\/wp\/v2\/media?parent=1233"}],"curies":[{"name":"wp","href":"https:\/\/api.w.org\/{rel}","templated":true}]}}