{"id":1235,"date":"2019-01-10T16:11:20","date_gmt":"2019-01-10T16:11:20","guid":{"rendered":"http:\/\/www.larrasoana.com\/politica-de-cookies\/"},"modified":"2020-10-29T17:23:14","modified_gmt":"2020-10-29T17:23:14","slug":"politica-de-cookies","status":"publish","type":"page","link":"https:\/\/www.larrasoana.com\/fr\/politica-de-cookies\/","title":{"rendered":"Pol\u00edtica de cookies"},"content":{"rendered":"<h4>\u00bfQu\u00e9 son las cookies?<\/h4>\n<p>Las cookies son peque\u00f1as cantidades de informaci\u00f3n que se almacenan en el ordenador, tel\u00e9fono, tablet o cualquier otro dispositivo utilizado por el usuario para que el servidor recuerde cierta informaci\u00f3n que posteriormente pueda utilizar. Esta informaci\u00f3n permite identificarle a usted como un usuario concreto y permite guardar sus preferencias personales, as\u00ed como informaci\u00f3n t\u00e9cnica como puedan ser visitas, tiempo de navegaci\u00f3n en la Web\/App. El uso de esta informaci\u00f3n permite que el servidor donde se encuentra la Web\/App reconozca el navegador utilizado por el usuario, permitiendo, por ejemplo, al usuario registrado el acceso a las \u00e1reas sin tener que registrarse en cada visita y recordar sus preferencias de idioma, pa\u00eds etc. en las futuras visitas. Asimismo, esta informaci\u00f3n se puede utilizar para medir la audiencia y par\u00e1metros del tr\u00e1fico en la Web\/App.<\/p>\n<h4>\u00bfQui\u00e9n utiliza la informaci\u00f3n de las cookies?<\/h4>\n<p>La informaci\u00f3n almacenada es tratada por la entidad Embutidos Larrasoana con CIF <span class=\"st\">B31790033<\/span> y con domicilio social en Pol\u00edgono Ipertegui n\u00ba 5, CP 31160 Orkoien Navarra y direcci\u00f3n de correo electr\u00f3nico de contacto info@larrasoana.com La informaci\u00f3n almacenada en las cookies gestionadas por terceros es utilizada por las entidades externas que se detallan en la presente Pol\u00edtica de Cookies.<\/p>\n<h4>\u00bfQu\u00e9 tipos de cookies existen?<\/h4>\n<p>A continuaci\u00f3n, se realiza una clasificaci\u00f3n de las cookies en funci\u00f3n de una serie de categor\u00edas.<\/p>\n<p><strong>Tipos de cookies seg\u00fan la entidad que las gestione:<\/strong><\/p>\n<ul>\n<li>Cookies propias: Son aqu\u00e9llas que se env\u00edan al equipo terminal del usuario desde un equipo o dominio gestionado por el propio editor y desde el que se presta el servicio solicitado por el usuario.<\/li>\n<li>Cookies de tercero: Son aqu\u00e9llas que se env\u00edan al equipo terminal del usuario desde un equipo o dominio que no es gestionado por el editor, sino por otra entidad que trata los datos obtenidos trav\u00e9s de las cookies.<strong>Tipos de cookies seg\u00fan el plazo de tiempo que permanecen activadas:<\/strong><\/li>\n<li>Cookies de sesi\u00f3n: Son un tipo de cookies dise\u00f1adas para recabar y almacenar datos mientras el usuario accede a una Web\/App.<\/li>\n<li>Cookies persistentes: Son un tipo de cookies en el que los datos siguen almacenados en el terminal y pueden ser accedidos y tratados durante un periodo definido por el responsable de la cookie, y que puede ir de unos minutos a varios a\u00f1os.<strong>Tipos de cookies seg\u00fan su finalidad:<\/strong><\/li>\n<li>Cookies t\u00e9cnicas: Son aqu\u00e9llas que permiten al usuario la navegaci\u00f3n a trav\u00e9s de una p\u00e1gina web, plataforma o aplicaci\u00f3n y la utilizaci\u00f3n de las diferentes opciones o servicios que en ella existan como, por ejemplo, controlar el tr\u00e1fico y la comunicaci\u00f3n de datos, identificar la sesi\u00f3n, acceder a partes de acceso restringido, recordar los elementos que integran un pedido, realizar el proceso de compra de un pedido, realizar la solicitud de inscripci\u00f3n o participaci\u00f3n en un evento, utilizar elementos de seguridad durante la navegaci\u00f3n, almacenar contenidos para la difusi\u00f3n de videos o sonido o compartir contenidos a trav\u00e9s<br \/>\nde redes sociales.<\/li>\n<li>Cookies de personalizaci\u00f3n: Son aqu\u00e9llas que permiten al usuario acceder al servicio con algunas caracter\u00edsticas de car\u00e1cter general predefinidas en funci\u00f3n de una serie de criterios en el terminal del usuario como por ejemplo serian el idioma, el tipo de navegador a trav\u00e9s del cual accede al servicio, la configuraci\u00f3n regional desde donde accede al servicio, etc.<\/li>\n<li>Cookies de an\u00e1lisis: Son aqu\u00e9llas que permiten al responsable de las mismas, el seguimiento y an\u00e1lisis del comportamiento de los usuarios de los sitios web\/app a los que est\u00e1n vinculadas. La informaci\u00f3n recogida mediante este tipo decookies se utiliza en la medici\u00f3n de la actividad de los sitios web, aplicaci\u00f3n o plataforma y para la elaboraci\u00f3n de perfiles de navegaci\u00f3n de los usuarios de dichos sitios, aplicaciones y plataformas, con el fin de introducir mejoras en funci\u00f3n del an\u00e1lisis de los datos de uso que hacen los usuarios del servicio.<\/li>\n<li>Cookies publicitarias: Son aqu\u00e9llas que permiten la gesti\u00f3n, de la forma m\u00e1s eficaz posible, de los espacios publicitarios que, en su caso, el editor haya incluido en una p\u00e1gina web, aplicaci\u00f3n o plataforma desde la que presta el servicio solicitado en base a criterios como el contenido editado o la frecuencia en la que se muestran los anuncios.<\/li>\n<li>Cookies de publicidad comportamental: Son aqu\u00e9llas que permiten la gesti\u00f3n, de la forma m\u00e1s eficaz posible, de los espacios publicitarios que, en su caso, el editor haya incluido en una p\u00e1gina web, aplicaci\u00f3n o plataforma desde la que presta el servicio solicitado. Estas cookies almacenan informaci\u00f3n del comportamiento de los usuarios obtenida a trav\u00e9s de la observaci\u00f3n continuada de sus h\u00e1bitos de navegaci\u00f3n, lo que permite desarrollar un perfil espec\u00edfico para mostrar publicidad en funci\u00f3n del mismo.<br \/>\n<h4>\u00bfQu\u00e9 tipos de cookies utiliza Embutidos Larrasoana y con qu\u00e9 finalidades?<\/h4>\n<\/li>\n<\/ul>\n<p>Embutidos Larrasoana utiliza los siguientes tipos de cookies con las finalidades indicadas:<\/p>\n<ul>\n<li>Cookies funcionales: son necesarias para mostrar correctamente la p\u00e1gina web\/App y garantizar el correcto funcionamiento del sitio. Son cookies que ayudan al usuario a tener una mejor experiencia de la navegaci\u00f3n por el sitio. Un ejemplo de uso de este tipo de cookies son las que se utilizan para almacenar los datos de navegaci\u00f3n de un determinado idioma.<\/li>\n<li>Cookies anal\u00edticas: Estas cookies se utilizan para analizar el comportamiento de los usuarios de forma agregada y an\u00f3nima incluyendo el n\u00famero de visitantes a la web\/App y a diferentes fichas de producto, la procedencia de las visita, d\u00eda y hora, plataforma, numero de clics en un banner, palabras de b\u00fasqueda que utiliza un usuario para encontrar su contenido deseado. De esta forma&nbsp;Embutidos Larrasoana se sirve de un medio de gran utilidad para poder introducir mejoras en el sitio web\/App y saber qu\u00e9 contenido o dise\u00f1o es m\u00e1s relevante para el usuario.<\/li>\n<li>Cookies publicitarias: Permiten mostrar ofertas relevantes para los intereses del visitante. Muestran anuncios personalizados de forma an\u00f3nima.<\/li>\n<\/ul>\n<p>La tabla siguiente recoge de forma esquematizada las cookies utilizadas en Embutidos Larrasoana para que puedas identificarlas en tu navegador:<\/p>\n<p>&nbsp;<\/p>\n<table>\n<tbody>\n<tr>\n<th>Nombre de la cookie<\/th>\n<th>Duraci\u00f3n<\/th>\n<th>Descripci\u00f3n<\/th>\n<\/tr>\n<tr>\n<td><code>_<wbr>ga<\/code><\/td>\n<td>2&nbsp;a\u00f1os<\/td>\n<td>Se usa para distinguir a los usuarios.<\/td>\n<\/tr>\n<tr>\n<td><code>_<wbr>gid<\/code><\/td>\n<td>24&nbsp;horas<\/td>\n<td>Se usa para distinguir a los usuarios.<\/td>\n<\/tr>\n<tr>\n<td><code>_<wbr>gat<\/code><\/td>\n<td>1&nbsp;minuto<\/td>\n<td>Se usa para limitar el porcentaje de solicitudes. Si se ha implementado Google Analytics mediante Google Tag&nbsp;Manager, esta cookie se llamar\u00e1 <code>_<wbr>dc_<wbr>gtm_<wbr>&lt;property-id&gt;<\/code>.<\/td>\n<\/tr>\n<tr>\n<td><code>AMP_<wbr>TOKEN<\/code><\/td>\n<td>De 30&nbsp;segundos a 1&nbsp;a\u00f1o<\/td>\n<td>Incluye un token que se puede utilizar para recuperar un ID de cliente del servicio de IDs de cliente de AMP. Otros posibles valores indican inhabilitaciones, solicitudes en curso o errores obtenidos al recuperar un IDs del servicio de IDs de cliente de AMP.<\/td>\n<\/tr>\n<tr>\n<td><code>_<wbr>gac_<wbr>&lt;property-id&gt;<\/code><\/td>\n<td>90&nbsp;d\u00edas<\/td>\n<td>Incluye informaci\u00f3n de la campa\u00f1a relativa al usuario. Si has vinculado tus cuentas de Google Analytics y Google&nbsp;Ads, las etiquetas de conversi\u00f3n en sitio web de Google&nbsp;Ads leer\u00e1n esta cookie, a menos que la inhabilites. <a href=\"https:\/\/support.google.com\/google-ads\/answer\/7521212?hl=es\">M\u00e1s informaci\u00f3n<\/a><\/td>\n<\/tr>\n<\/tbody>\n<\/table>\n<h5>Bloqueo o eliminaci\u00f3n de cookies<\/h5>\n<p>Si deseas conocer, bloquear o eliminar las cookies instaladas en tu equipo puedes hacerlo mediante la configuraci\u00f3n del navegador instalado en su ordenador.<\/p>\n<p>Para restringir o bloquear las cookies, usted deber\u00e1 modificar la configuraci\u00f3n del navegador que utilice en su terminal, ya sea ordenador, smartphone o tablet. Con car\u00e1cter general los navegadores ofrecen las siguientes opciones de configuraci\u00f3n en relaci\u00f3n a la instalaci\u00f3n de cookies:<\/p>\n<ul>\n<li>Que el navegador rechace todas las cookies y por lo tanto, que no se instale ninguna cookie de ninguna p\u00e1gina web en su terminal.<\/li>\n<li>Que el navegador le avise antes de que se produzca la instalaci\u00f3n de la cookie para que usted decida si acepta o no la instalaci\u00f3n de la misma.<\/li>\n<li>Que el navegador \u00fanicamente rechace las cookies de terceros de los sitios web que visita pero no las utilizadas por el sitio web por el que usted navega.<\/li>\n<li>La opci\u00f3n de navegaci\u00f3n en modo privado mediante la cual, las cookies se instalan en el terminal pero se elimina de manera autom\u00e1tica cuando finaliza la navegaci\u00f3n por la p\u00e1gina web<\/li>\n<\/ul>\n<p>Puedes consultar los pasos de c\u00f3mo hacerlo en los siguientes navegadores:<\/p>\n<ul>\n<li><a href=\"http:\/\/windows.microsoft.com\/es-es\/internet-explorer\/delete-manage-cookies#ie=ie-11\">Internet Explorer<\/a><\/li>\n<li><a href=\"https:\/\/support.mozilla.org\/es\/kb\/cookies-informacion-que-los-sitios-web-guardan-en-?redirectlocale=en-US&amp;redirectslug=Cookies\">Mozilla Firefox<\/a><\/li>\n<li><a href=\"https:\/\/support.google.com\/chrome\/answer\/95647?hl=es\">Google Chrome<\/a><\/li>\n<li><a href=\"https:\/\/support.apple.com\/kb\/PH19214?viewlocale=es_ES&amp;locale=es_ES\">Safari<\/a><\/li>\n<\/ul>\n<p>En el caso de bloquear o eliminar las cookies no podremos mantener tus preferencias y es posible que algunas caracter\u00edsticas de la p\u00e1gina web no est\u00e9n operativas.<\/p>\n","protected":false},"excerpt":{"rendered":"<p>\u00bfQu\u00e9 son las cookies? Las cookies son peque\u00f1as cantidades de informaci\u00f3n que se almacenan en el ordenador, tel\u00e9fono, tablet o cualquier otro dispositivo utilizado por el usuario para que el servidor recuerde cierta informaci\u00f3n que posteriormente pueda utilizar. Esta informaci\u00f3n permite identificarle a usted como un usuario concreto y permite guardar sus preferencias personales, as\u00ed [&hellip;]<\/p>\n","protected":false},"author":1,"featured_media":0,"parent":0,"menu_order":0,"comment_status":"closed","ping_status":"closed","template":"","meta":[],"_links":{"self":[{"href":"https:\/\/www.larrasoana.com\/fr\/wp-json\/wp\/v2\/pages\/1235"}],"collection":[{"href":"https:\/\/www.larrasoana.com\/fr\/wp-json\/wp\/v2\/pages"}],"about":[{"href":"https:\/\/www.larrasoana.com\/fr\/wp-json\/wp\/v2\/types\/page"}],"author":[{"embeddable":true,"href":"https:\/\/www.larrasoana.com\/fr\/wp-json\/wp\/v2\/users\/1"}],"replies":[{"embeddable":true,"href":"https:\/\/www.larrasoana.com\/fr\/wp-json\/wp\/v2\/comments?post=1235"}],"version-history":[{"count":3,"href":"https:\/\/www.larrasoana.com\/fr\/wp-json\/wp\/v2\/pages\/1235\/revisions"}],"predecessor-version":[{"id":1280,"href":"https:\/\/www.larrasoana.com\/fr\/wp-json\/wp\/v2\/pages\/1235\/revisions\/1280"}],"wp:attachment":[{"href":"https:\/\/www.larrasoana.com\/fr\/wp-json\/wp\/v2\/media?parent=1235"}],"curies":[{"name":"wp","href":"https:\/\/api.w.org\/{rel}","templated":true}]}}