{"id":1149,"date":"2018-11-28T15:51:51","date_gmt":"2018-11-28T15:51:51","guid":{"rendered":"http:\/\/www.larrasoana.com\/?post_type=product&#038;p=1149"},"modified":"2018-11-28T17:22:28","modified_gmt":"2018-11-28T17:22:28","slug":"saucisse-cuite-type-francfort","status":"publish","type":"product","link":"https:\/\/www.larrasoana.com\/fr\/producto\/saucisse-cuite-type-francfort\/","title":{"rendered":"SAUCISSE CUITE TYPE FRANCFORT"},"content":{"rendered":"","protected":false},"excerpt":{"rendered":"<p><span class=\"dest\">Convient aux c\u0153liaques.<br \/>\nSans lactose.<\/span><\/p>\n<p>\u00c9labor\u00e9e \u00e0 l\u2019aide des formules et m\u00e9thodes traditionnelles allemandes, adapt\u00e9es au go\u00fbt de notre gastronomie avec l\u2019emploi du paprika.<\/p>\n<table>\n<tbody>\n<tr valign=\"top\">\n<td><img src=\"http:\/\/www.larrasoana.com\/wp-content\/uploads\/2018\/10\/peso.jpg\"><span style=\"color: #bb9c08; font-size: 21px; line-height: 50px; padding-left: 15px;\">POIDS :<\/span><\/td>\n<td>\n<div style=\"height: 14px;\">&nbsp;<\/div>\n<p>300 g.<br \/>\n1 kg<\/td>\n<\/tr>\n<\/tbody>\n<\/table>\n<p><img src=\"http:\/\/www.larrasoana.com\/wp-content\/uploads\/2018\/10\/temp.jpg\"><span style=\"color: #bb9c08; font-size: 21px; line-height: 41px; padding-left: 15px;\">TEMP\u00c9RATURE DE CONSERVATION:<\/span> entre 0 et 4 degr\u00e9s.<\/p>\n<table>\n<tbody>\n<tr valign=\"top\">\n<td><img src=\"http:\/\/www.larrasoana.com\/wp-content\/uploads\/2018\/10\/cad.jpg\"><span style=\"color: #bb9c08; font-size: 21px; line-height: 35px; padding-left: 15px;\">DUR\u00c9E DE CONSERVATION:<\/span><\/td>\n<td>\n<div style=\"height: 5px;\">&nbsp;<\/div>\n<p>120 jours (300 g).<br \/>\n100 jours (1 kg).<\/td>\n<\/tr>\n<\/tbody>\n<\/table>\n<table>\n<tbody>\n<tr>\n<td><img src=\"http:\/\/www.larrasoana.com\/wp-content\/uploads\/2018\/10\/cod.jpg\"><span style=\"color: #bb9c08; font-size: 21px; line-height: 29px; padding-left: 15px;\">CODE EAN:<\/span><\/td>\n<td>8422576000024 (300 g).<\/td>\n<\/tr>\n<tr>\n<td>&nbsp;<\/td>\n<td>8422576000048 (1 kg).<\/td>\n<\/tr>\n<\/tbody>\n<\/table>\n","protected":false},"featured_media":1132,"template":"","meta":[],"_links":{"self":[{"href":"https:\/\/www.larrasoana.com\/fr\/wp-json\/wp\/v2\/product\/1149"}],"collection":[{"href":"https:\/\/www.larrasoana.com\/fr\/wp-json\/wp\/v2\/product"}],"about":[{"href":"https:\/\/www.larrasoana.com\/fr\/wp-json\/wp\/v2\/types\/product"}],"wp:featuredmedia":[{"embeddable":true,"href":"https:\/\/www.larrasoana.com\/fr\/wp-json\/wp\/v2\/media\/1132"}],"wp:attachment":[{"href":"https:\/\/www.larrasoana.com\/fr\/wp-json\/wp\/v2\/media?parent=1149"}],"curies":[{"name":"wp","href":"https:\/\/api.w.org\/{rel}","templated":true}]}}