{"id":1153,"date":"2018-11-28T16:19:21","date_gmt":"2018-11-28T16:19:21","guid":{"rendered":"http:\/\/www.larrasoana.com\/?post_type=product&#038;p=1153"},"modified":"2018-11-28T17:22:09","modified_gmt":"2018-11-28T17:22:09","slug":"saucisse-cuite-type-viennoise","status":"publish","type":"product","link":"https:\/\/www.larrasoana.com\/fr\/producto\/saucisse-cuite-type-viennoise\/","title":{"rendered":"SAUCISSE CUITE TYPE VIENNOISE"},"content":{"rendered":"","protected":false},"excerpt":{"rendered":"<p><span class=\"dest\">Convient aux c\u0153liaques.<br \/>\nSans lactose.<\/span><\/p>\n<p>Sur la base de la saucisse cuite Francfort Larrasoa\u00f1a, le fromage se disperse \u00e0 l\u2019int\u00e9rieur sous forme de gouttelettes ou d\u00e9s qui fondent \u00e0 mesure que nous la coupons avant de l\u2019envelopper dans des tranches de bacon fum\u00e9. Un r\u00e9gal pour le palais.<\/p>\n<p><img src=\"http:\/\/www.larrasoana.com\/wp-content\/uploads\/2018\/10\/peso.jpg\"><span style=\"color: #bb9c08; font-size: 21px; line-height: 42px; padding-left: 15px;\">POIDS:<\/span> 285 g.<\/p>\n<p><img src=\"http:\/\/www.larrasoana.com\/wp-content\/uploads\/2018\/10\/temp.jpg\"><span style=\"color: #bb9c08; font-size: 21px; line-height: 41px; padding-left: 15px;\">TEMP\u00c9RATURE DE CONSERVATION:<\/span> entre 0 et 4 degr\u00e9s.<\/p>\n<p><img src=\"http:\/\/www.larrasoana.com\/wp-content\/uploads\/2018\/10\/cad.jpg\"><span style=\"color: #bb9c08; font-size: 21px; line-height: 35px; padding-left: 15px;\">DUR\u00c9E DE CONSERVATION:<\/span> 100 jours.<\/p>\n<p><img src=\"http:\/\/www.larrasoana.com\/wp-content\/uploads\/2018\/10\/cod.jpg\"><span style=\"color: #bb9c08; font-size: 21px; line-height: 29px; padding-left: 15px;\">CODE EAN:<\/span> 8422576000079.<\/p>\n","protected":false},"featured_media":1125,"template":"","meta":[],"_links":{"self":[{"href":"https:\/\/www.larrasoana.com\/fr\/wp-json\/wp\/v2\/product\/1153"}],"collection":[{"href":"https:\/\/www.larrasoana.com\/fr\/wp-json\/wp\/v2\/product"}],"about":[{"href":"https:\/\/www.larrasoana.com\/fr\/wp-json\/wp\/v2\/types\/product"}],"wp:featuredmedia":[{"embeddable":true,"href":"https:\/\/www.larrasoana.com\/fr\/wp-json\/wp\/v2\/media\/1125"}],"wp:attachment":[{"href":"https:\/\/www.larrasoana.com\/fr\/wp-json\/wp\/v2\/media?parent=1153"}],"curies":[{"name":"wp","href":"https:\/\/api.w.org\/{rel}","templated":true}]}}