{"id":1154,"date":"2018-11-28T16:21:18","date_gmt":"2018-11-28T16:21:18","guid":{"rendered":"http:\/\/www.larrasoana.com\/?post_type=product&#038;p=1154"},"modified":"2018-11-28T17:22:00","modified_gmt":"2018-11-28T17:22:00","slug":"saucisse-fraiche","status":"publish","type":"product","link":"https:\/\/www.larrasoana.com\/fr\/producto\/saucisse-fraiche\/","title":{"rendered":"SAUCISSE FRA\u00ceCHE"},"content":{"rendered":"","protected":false},"excerpt":{"rendered":"<p><span class=\"dest\">Convient aux c\u0153liaques.<br \/>\nSans lactose.<\/span><\/p>\n<p>Saucisse espagnole classique de couleur ros\u00e9e, \u00e0 la chair remarquable et au go\u00fbt inimitable, emboss\u00e9e en boyau naturel d\u2019agneau calibre 22\/24.<\/p>\n<p><img src=\"http:\/\/www.larrasoana.com\/wp-content\/uploads\/2018\/10\/peso.jpg\"><span style=\"color: #bb9c08; font-size: 21px; line-height: 42px; padding-left: 15px;\">POIDS :<\/span> 330 g.<\/p>\n<p><img src=\"http:\/\/www.larrasoana.com\/wp-content\/uploads\/2018\/10\/temp.jpg\"><span style=\"color: #bb9c08; font-size: 21px; line-height: 41px; padding-left: 15px;\">TEMP\u00c9RATURE DE CONSERVATION :<\/span> entre 0 et 4 degr\u00e9s.<\/p>\n<p><img src=\"http:\/\/www.larrasoana.com\/wp-content\/uploads\/2018\/10\/cad.jpg\"><span style=\"color: #bb9c08; font-size: 21px; line-height: 35px; padding-left: 15px;\">DUR\u00c9E DE CONSERVATION:<\/span> 16 jours.<\/p>\n<p><img src=\"http:\/\/www.larrasoana.com\/wp-content\/uploads\/2018\/10\/cod.jpg\"><span style=\"color: #bb9c08; font-size: 21px; line-height: 29px; padding-left: 15px;\">CODE EAN:<\/span> 8422576000147.<\/p>\n","protected":false},"featured_media":1127,"template":"","meta":[],"_links":{"self":[{"href":"https:\/\/www.larrasoana.com\/fr\/wp-json\/wp\/v2\/product\/1154"}],"collection":[{"href":"https:\/\/www.larrasoana.com\/fr\/wp-json\/wp\/v2\/product"}],"about":[{"href":"https:\/\/www.larrasoana.com\/fr\/wp-json\/wp\/v2\/types\/product"}],"wp:featuredmedia":[{"embeddable":true,"href":"https:\/\/www.larrasoana.com\/fr\/wp-json\/wp\/v2\/media\/1127"}],"wp:attachment":[{"href":"https:\/\/www.larrasoana.com\/fr\/wp-json\/wp\/v2\/media?parent=1154"}],"curies":[{"name":"wp","href":"https:\/\/api.w.org\/{rel}","templated":true}]}}