{"id":1155,"date":"2018-11-28T16:23:07","date_gmt":"2018-11-28T16:23:07","guid":{"rendered":"http:\/\/www.larrasoana.com\/?post_type=product&#038;p=1155"},"modified":"2018-11-28T17:21:52","modified_gmt":"2018-11-28T17:21:52","slug":"boudin","status":"publish","type":"product","link":"https:\/\/www.larrasoana.com\/fr\/producto\/boudin\/","title":{"rendered":"BOUDIN"},"content":{"rendered":"","protected":false},"excerpt":{"rendered":"<p><span class=\"dest\">Convient aux c\u0153liaques.<br \/>\nSans lactose.<\/span><\/p>\n<p>Emboss\u00e9 en boyau naturel de porc, il se pr\u00e9sente sous de multiples formes (droites, en fer \u00e0 cheval) qui, alli\u00e9es \u00e0 son go\u00fbt, lui donnent un aspect original et attrayant.<\/p>\n<p><img src=\"http:\/\/www.larrasoana.com\/wp-content\/uploads\/2018\/10\/peso.jpg\"><span style=\"color:#bb9c08;font-size:21px;line-height: 42px;padding-left:15px;\">POIDS :<\/span> 500 g.<\/p>\n<p><img src=\"http:\/\/www.larrasoana.com\/wp-content\/uploads\/2018\/10\/temp.jpg\"><span style=\"color:#bb9c08;font-size:21px;line-height: 41px;padding-left:15px;\">TEMP\u00c9RATURE DE CONSERVATION:<\/span> entre 0 et 4 degr\u00e9s.<\/p>\n<p><img src=\"http:\/\/www.larrasoana.com\/wp-content\/uploads\/2018\/10\/cad.jpg\"><span style=\"color:#bb9c08;font-size:21px;line-height: 35px;padding-left:15px;\">DUR\u00c9E DE CONSERVATION:<\/span> 60 jours.<\/p>\n<p><img src=\"http:\/\/www.larrasoana.com\/wp-content\/uploads\/2018\/10\/cod.jpg\"><span style=\"color:#bb9c08;font-size:21px;line-height: 29px;padding-left:15px;\">CODE EAN:<\/span> 84225760000161.<\/p>\n","protected":false},"featured_media":1122,"template":"","meta":[],"_links":{"self":[{"href":"https:\/\/www.larrasoana.com\/fr\/wp-json\/wp\/v2\/product\/1155"}],"collection":[{"href":"https:\/\/www.larrasoana.com\/fr\/wp-json\/wp\/v2\/product"}],"about":[{"href":"https:\/\/www.larrasoana.com\/fr\/wp-json\/wp\/v2\/types\/product"}],"wp:featuredmedia":[{"embeddable":true,"href":"https:\/\/www.larrasoana.com\/fr\/wp-json\/wp\/v2\/media\/1122"}],"wp:attachment":[{"href":"https:\/\/www.larrasoana.com\/fr\/wp-json\/wp\/v2\/media?parent=1155"}],"curies":[{"name":"wp","href":"https:\/\/api.w.org\/{rel}","templated":true}]}}