{"id":1158,"date":"2018-11-28T16:28:03","date_gmt":"2018-11-28T16:28:03","guid":{"rendered":"http:\/\/www.larrasoana.com\/?post_type=product&#038;p=1158"},"modified":"2018-11-28T17:21:38","modified_gmt":"2018-11-28T17:21:38","slug":"chistorra-douce-et-piquante","status":"publish","type":"product","link":"https:\/\/www.larrasoana.com\/fr\/producto\/chistorra-douce-et-piquante\/","title":{"rendered":"CHISTORRA DOUCE ET PIQUANTE"},"content":{"rendered":"","protected":false},"excerpt":{"rendered":"<p><span class=\"dest\">Convient aux c\u0153liaques.<br \/>\nSans lactose.<\/span><\/p>\n<p>R\u00e9sultat d\u2019une \u00e9laboration soign\u00e9e qui allie les essences \u00e0 la tradition charcuti\u00e8re de Navarre la plus exquise. Le go\u00fbt authentique de notre terroir.<br \/>\nLa version piquante, au go\u00fbt plus intense, se r\u00e9v\u00e8le douce malgr\u00e9 tout au palais.<\/p>\n<table>\n<tr valign=\"top\">\n<td><img src=\"http:\/\/www.larrasoana.com\/wp-content\/uploads\/2018\/10\/peso.jpg\"><span style=\"color:#bb9c08;font-size:21px;line-height: 50px;padding-left:15px;\">POIDS:<\/span><\/td>\n<td>\n<div style=\"height:14px;\">&nbsp;<\/div>\n<p>290 g.<br \/>1,16 kg. (douce, pack 4 unit\u00e9s).<br \/>1,28 kg. (douce et piquante, pack 4 unit\u00e9s).<\/td>\n<\/tr>\n<\/table>\n<p><img src=\"http:\/\/www.larrasoana.com\/wp-content\/uploads\/2018\/10\/temp.jpg\"><span style=\"color:#bb9c08;font-size:21px;line-height: 41px;padding-left:15px;\">TEMP\u00c9RATURE DE CONSERVATION:<\/span> entre 0 et 4 degr\u00e9s.<\/p>\n<p><img src=\"http:\/\/www.larrasoana.com\/wp-content\/uploads\/2018\/10\/cad.jpg\"><span style=\"color:#bb9c08;font-size:21px;line-height: 35px;padding-left:15px;\">DUR\u00c9E DE CONSERVATION:<\/span> 75 jours.<\/p>\n<table>\n<tr>\n<td><img src=\"http:\/\/www.larrasoana.com\/wp-content\/uploads\/2018\/10\/cod.jpg\"><span style=\"color:#bb9c08;font-size:21px;line-height: 29px;padding-left:15px;\">CODE EAN:<\/span><\/td>\n<td>8422576000154 (douce 290 g.)<\/td>\n<\/tr>\n<tr>\n<td><\/td>\n<td>8422576000192 (piquante 290 gr.)<\/td>\n<\/tr>\n<tr>\n<td><\/td>\n<td>8422576000086 (douce pack 4 unit\u00e9s, 1,16 kg.)<\/td>\n<\/tr>\n<tr>\n<td><\/td>\n<td>8422576000208 (douce pack 4 unit\u00e9s 1,28 kg.)<\/td>\n<\/tr>\n<tr>\n<td><\/td>\n<td>8422576000222 (piquante pack 4 unit\u00e9s  1,28 kg.)<\/td>\n<\/tr>\n<\/table>\n","protected":false},"featured_media":1159,"template":"","meta":[],"_links":{"self":[{"href":"https:\/\/www.larrasoana.com\/fr\/wp-json\/wp\/v2\/product\/1158"}],"collection":[{"href":"https:\/\/www.larrasoana.com\/fr\/wp-json\/wp\/v2\/product"}],"about":[{"href":"https:\/\/www.larrasoana.com\/fr\/wp-json\/wp\/v2\/types\/product"}],"wp:featuredmedia":[{"embeddable":true,"href":"https:\/\/www.larrasoana.com\/fr\/wp-json\/wp\/v2\/media\/1159"}],"wp:attachment":[{"href":"https:\/\/www.larrasoana.com\/fr\/wp-json\/wp\/v2\/media?parent=1158"}],"curies":[{"name":"wp","href":"https:\/\/api.w.org\/{rel}","templated":true}]}}