{"id":1160,"date":"2018-11-28T16:30:00","date_gmt":"2018-11-28T16:30:00","guid":{"rendered":"http:\/\/www.larrasoana.com\/?post_type=product&#038;p=1160"},"modified":"2018-11-28T17:21:32","modified_gmt":"2018-11-28T17:21:32","slug":"farce","status":"publish","type":"product","link":"https:\/\/www.larrasoana.com\/fr\/producto\/farce\/","title":{"rendered":"FARCE"},"content":{"rendered":"","protected":false},"excerpt":{"rendered":"<p><span class=\"dest\">Convient aux c\u0153liaques.<br \/>\nSans lactose.<\/span><\/p>\n<p>Produit typique, traditionnel du Bassin de Pampelune et peu connu en dehors de la Navarre. Chez Embutidos Larrasoa\u00f1a, nous avons \u00e9t\u00e9 pionniers dans sa commercialisation \u00e0 grande \u00e9chelle, en pr\u00e9servant ses caract\u00e9ristiques artisanales. Nous continuons d\u2019utiliser pour cela du safran pur de La Mancha.<br \/>\nPr\u00e9sent\u00e9 en boyau artificiel qui se d\u00e9fait \u00e0 la cuisson.<\/p>\n<p><img src=\"http:\/\/www.larrasoana.com\/wp-content\/uploads\/2018\/10\/peso.jpg\"><span style=\"color: #bb9c08; font-size: 21px; line-height: 42px; padding-left: 15px;\">POIDS:<\/span> 670 g sous vide.<\/p>\n<p><img src=\"http:\/\/www.larrasoana.com\/wp-content\/uploads\/2018\/10\/temp.jpg\"><span style=\"color: #bb9c08; font-size: 21px; line-height: 41px; padding-left: 15px;\">TEMP\u00c9RATURE DE CONSERVATION:<\/span> entre 0 et 4 degr\u00e9s.<\/p>\n<p><img src=\"http:\/\/www.larrasoana.com\/wp-content\/uploads\/2018\/10\/cad.jpg\"><span style=\"color: #bb9c08; font-size: 21px; line-height: 35px; padding-left: 15px;\">DUR\u00c9E DE CONSERVATION:<\/span> 31 jours.<\/p>\n<p><img src=\"http:\/\/www.larrasoana.com\/wp-content\/uploads\/2018\/10\/cod.jpg\"><span style=\"color: #bb9c08; font-size: 21px; line-height: 29px; padding-left: 15px;\">CODE EAN:<\/span> 8422576000178.<\/p>\n","protected":false},"featured_media":1123,"template":"","meta":[],"_links":{"self":[{"href":"https:\/\/www.larrasoana.com\/fr\/wp-json\/wp\/v2\/product\/1160"}],"collection":[{"href":"https:\/\/www.larrasoana.com\/fr\/wp-json\/wp\/v2\/product"}],"about":[{"href":"https:\/\/www.larrasoana.com\/fr\/wp-json\/wp\/v2\/types\/product"}],"wp:featuredmedia":[{"embeddable":true,"href":"https:\/\/www.larrasoana.com\/fr\/wp-json\/wp\/v2\/media\/1123"}],"wp:attachment":[{"href":"https:\/\/www.larrasoana.com\/fr\/wp-json\/wp\/v2\/media?parent=1160"}],"curies":[{"name":"wp","href":"https:\/\/api.w.org\/{rel}","templated":true}]}}