{"id":1161,"date":"2018-11-28T16:32:33","date_gmt":"2018-11-28T16:32:33","guid":{"rendered":"http:\/\/www.larrasoana.com\/?post_type=product&#038;p=1161"},"modified":"2018-11-28T17:21:26","modified_gmt":"2018-11-28T17:21:26","slug":"lunch-de-porc","status":"publish","type":"product","link":"https:\/\/www.larrasoana.com\/fr\/producto\/lunch-de-porc\/","title":{"rendered":"LUNCH DE PORC"},"content":{"rendered":"","protected":false},"excerpt":{"rendered":"<p><span class=\"dest\">Convient aux c\u0153liaques.<br \/>\nSans lactose.<\/span><\/p>\n<p>Plus connues sous le nom de \u00ab Mortadelles Larrasoa\u00f1a \u00bb (le terme technique appropri\u00e9 est \u00ab Luncheon Meat \u00bb car elles ne contiennent pas les cubes traditionnels de la mortadelle italienne). Elle est \u00e9labor\u00e9e \u00e0 partir d\u2019un m\u00e9lange judicieux de viandes et d\u2019\u00e9pices. Au go\u00fbt exquis et inimitable.<\/p>\n<table>\n<tbody>\n<tr valign=\"top\">\n<td><img src=\"http:\/\/www.larrasoana.com\/wp-content\/uploads\/2018\/10\/peso.jpg\"><span style=\"color: #bb9c08; font-size: 21px; line-height: 50px; padding-left: 15px;\">POIDS:<\/span><\/td>\n<td>\n<div style=\"height: 14px;\">&nbsp;<\/div>\n<p>200 g sous vide (en tranches)<br \/>\n4 kg (pi\u00e8ce de porc)<\/td>\n<\/tr>\n<\/tbody>\n<\/table>\n<p><img src=\"http:\/\/www.larrasoana.com\/wp-content\/uploads\/2018\/10\/temp.jpg\"><span style=\"color: #bb9c08; font-size: 21px; line-height: 41px; padding-left: 15px;\">TEMP\u00c9RATURE DE CONSERVATION:<\/span> entre 0 et 4 degr\u00e9s.<\/p>\n<p><img src=\"http:\/\/www.larrasoana.com\/wp-content\/uploads\/2018\/10\/cad.jpg\"><span style=\"color: #bb9c08; font-size: 21px; line-height: 35px; padding-left: 15px;\">DUR\u00c9E DE CONSERVATION:<\/span> 40 jours.<\/p>\n<table>\n<tbody>\n<tr>\n<td><img src=\"http:\/\/www.larrasoana.com\/wp-content\/uploads\/2018\/10\/cod.jpg\"><span style=\"color: #bb9c08; font-size: 21px; line-height: 29px; padding-left: 15px;\">CODE EAN:<\/span><\/td>\n<td>8422576000055 (200 g lunch de porc)<\/td>\n<\/tr>\n<tr>\n<td>&nbsp;<\/td>\n<td>8422576000062 (4 kg pi\u00e8ce de porc)<\/td>\n<\/tr>\n<\/tbody>\n<\/table>\n","protected":false},"featured_media":1163,"template":"","meta":[],"_links":{"self":[{"href":"https:\/\/www.larrasoana.com\/fr\/wp-json\/wp\/v2\/product\/1161"}],"collection":[{"href":"https:\/\/www.larrasoana.com\/fr\/wp-json\/wp\/v2\/product"}],"about":[{"href":"https:\/\/www.larrasoana.com\/fr\/wp-json\/wp\/v2\/types\/product"}],"wp:featuredmedia":[{"embeddable":true,"href":"https:\/\/www.larrasoana.com\/fr\/wp-json\/wp\/v2\/media\/1163"}],"wp:attachment":[{"href":"https:\/\/www.larrasoana.com\/fr\/wp-json\/wp\/v2\/media?parent=1161"}],"curies":[{"name":"wp","href":"https:\/\/api.w.org\/{rel}","templated":true}]}}