{"id":1165,"date":"2018-11-28T16:35:23","date_gmt":"2018-11-28T16:35:23","guid":{"rendered":"http:\/\/www.larrasoana.com\/?post_type=product&#038;p=1165"},"modified":"2018-11-28T17:21:20","modified_gmt":"2018-11-28T17:21:20","slug":"snack-a-la-dinde","status":"publish","type":"product","link":"https:\/\/www.larrasoana.com\/fr\/producto\/snack-a-la-dinde\/","title":{"rendered":"SNACK \u00c0 LA DINDE"},"content":{"rendered":"","protected":false},"excerpt":{"rendered":"<p><span class=\"dest\">Convient aux c\u0153liaques.<br \/>\nSans lactose.<\/span><\/p>\n<p>Connu sous le nom de \u00ab Mortadelle Larrasoa\u00f1a \u00bb (techniquement plus proche du Luncheon Meat de la mortadelle traditionnelle italienne).<br \/>\nFabriqu\u00e9 \u00e0 base de haut de cuisse de dinde et assaisonn\u00e9 des \u00e9pices traditionnelles de nos snacks.<br \/>\nUne saveur \u00e9tonnante avec moins de calories.<\/p>\n<table>\n<tbody>\n<tr valign=\"top\">\n<td><img src=\"http:\/\/www.larrasoana.com\/wp-content\/uploads\/2018\/10\/peso.jpg\"><span style=\"color: #bb9c08; font-size: 21px; line-height: 50px; padding-left: 15px;\">POIDS:<\/span><\/td>\n<td>\n<div style=\"height: 14px;\">&nbsp;<\/div>\n<p>200 g sous vide (en tranches)<br \/>\n3 kg (pi\u00e8ce de dinde)<\/td>\n<\/tr>\n<\/tbody>\n<\/table>\n<p><img src=\"http:\/\/www.larrasoana.com\/wp-content\/uploads\/2018\/10\/temp.jpg\"><span style=\"color: #bb9c08; font-size: 21px; line-height: 41px; padding-left: 15px;\">TEMP\u00c9RATURE DE CONSERVATION:<\/span> entre 0 et 4 degr\u00e9s.<\/p>\n<p><img src=\"http:\/\/www.larrasoana.com\/wp-content\/uploads\/2018\/10\/cad.jpg\"><span style=\"color: #bb9c08; font-size: 21px; line-height: 35px; padding-left: 15px;\">DUR\u00c9E DE CONSERVATION:<\/span> 40 jours.<\/p>\n<table>\n<tbody>\n<tr>\n<td><img src=\"http:\/\/www.larrasoana.com\/wp-content\/uploads\/2018\/10\/cod.jpg\"><span style=\"color: #bb9c08; font-size: 21px; line-height: 29px; padding-left: 15px;\">CODE EAN:<\/span><\/td>\n<td>8422576000215 (200 g lunch de dinde)<\/td>\n<\/tr>\n<tr>\n<td>&nbsp;<\/td>\n<td>8422576000093 (3 kg pi\u00e8ce de dinde)<\/td>\n<\/tr>\n<\/tbody>\n<\/table>\n","protected":false},"featured_media":1162,"template":"","meta":[],"_links":{"self":[{"href":"https:\/\/www.larrasoana.com\/fr\/wp-json\/wp\/v2\/product\/1165"}],"collection":[{"href":"https:\/\/www.larrasoana.com\/fr\/wp-json\/wp\/v2\/product"}],"about":[{"href":"https:\/\/www.larrasoana.com\/fr\/wp-json\/wp\/v2\/types\/product"}],"wp:featuredmedia":[{"embeddable":true,"href":"https:\/\/www.larrasoana.com\/fr\/wp-json\/wp\/v2\/media\/1162"}],"wp:attachment":[{"href":"https:\/\/www.larrasoana.com\/fr\/wp-json\/wp\/v2\/media?parent=1165"}],"curies":[{"name":"wp","href":"https:\/\/api.w.org\/{rel}","templated":true}]}}