{"id":1167,"date":"2018-11-28T16:40:33","date_gmt":"2018-11-28T16:40:33","guid":{"rendered":"http:\/\/www.larrasoana.com\/?post_type=product&#038;p=1167"},"modified":"2018-11-28T17:21:07","modified_gmt":"2018-11-28T17:21:07","slug":"bouchee-de-chistorra-frite","status":"publish","type":"product","link":"https:\/\/www.larrasoana.com\/fr\/producto\/bouchee-de-chistorra-frite\/","title":{"rendered":"BOUCH\u00c9E DE CHISTORRA FRITE"},"content":{"rendered":"","protected":false},"excerpt":{"rendered":"<p><span class=\"dest\">Convient aux c\u0153liaques.<br \/>\nSans lactose.<\/span><\/p>\n<p>D\u00e9lice croustillant. La bouch\u00e9e est garnie d&rsquo;une fine b\u00e9chamel dans laquelle se fond la chistorra la plus exquise. Douce et cr\u00e9meuse \u00e0 souhait. Alliance de tradition et de jeunesse.<br \/>\nId\u00e9ale en entr\u00e9e d&rsquo;un repas de f\u00eate, elle r\u00e9galera enfants et adultes.<\/p>\n<table>\n<tbody>\n<tr valign=\"top\">\n<td><img src=\"http:\/\/www.larrasoana.com\/wp-content\/uploads\/2018\/10\/peso.jpg\"><span style=\"color: #bb9c08; font-size: 21px; line-height: 50px; padding-left: 15px;\">POIDS:<\/span><\/td>\n<td>\n<div style=\"height: 14px;\">&nbsp;<\/div>\n<p>350 G.&nbsp;&nbsp; (7 UNIT\u00c9S) Barquette en ATM<\/td>\n<\/tr>\n<\/tbody>\n<\/table>\n<p><img src=\"http:\/\/www.larrasoana.com\/wp-content\/uploads\/2018\/10\/temp.jpg\"><span style=\"color: #bb9c08; font-size: 21px; line-height: 41px; padding-left: 15px;\">TEMP\u00c9RATURE DE CONSERVATION:<\/span> entre 0 et 4 degr\u00e9s.<\/p>\n<p><img src=\"http:\/\/www.larrasoana.com\/wp-content\/uploads\/2018\/10\/cad.jpg\"><span style=\"color: #bb9c08; font-size: 21px; line-height: 35px; padding-left: 15px;\">DUR\u00c9E DE CONSERVATION:<\/span> 40 jours.<\/p>\n<table>\n<tbody>\n<tr>\n<td><img src=\"http:\/\/www.larrasoana.com\/wp-content\/uploads\/2018\/10\/cod.jpg\"><span style=\"color: #bb9c08; font-size: 21px; line-height: 29px; padding-left: 15px;\">CODE EAN:<\/span><\/td>\n<td>8422576000277 &nbsp;<\/td>\n<\/tr>\n<\/tbody>\n<\/table>\n","protected":false},"featured_media":1129,"template":"","meta":[],"_links":{"self":[{"href":"https:\/\/www.larrasoana.com\/fr\/wp-json\/wp\/v2\/product\/1167"}],"collection":[{"href":"https:\/\/www.larrasoana.com\/fr\/wp-json\/wp\/v2\/product"}],"about":[{"href":"https:\/\/www.larrasoana.com\/fr\/wp-json\/wp\/v2\/types\/product"}],"wp:featuredmedia":[{"embeddable":true,"href":"https:\/\/www.larrasoana.com\/fr\/wp-json\/wp\/v2\/media\/1129"}],"wp:attachment":[{"href":"https:\/\/www.larrasoana.com\/fr\/wp-json\/wp\/v2\/media?parent=1167"}],"curies":[{"name":"wp","href":"https:\/\/api.w.org\/{rel}","templated":true}]}}